{"id":3,"date":"2024-10-31T05:16:23","date_gmt":"2024-10-31T05:16:23","guid":{"rendered":"http:\/\/spherical-powder.com\/?page_id=3"},"modified":"2024-10-31T05:17:34","modified_gmt":"2024-10-31T05:17:34","slug":"privacy-policy","status":"publish","type":"page","link":"https:\/\/spherical-powder.com\/de\/privacy-policy\/","title":{"rendered":"Datenschutzbestimmungen"},"content":{"rendered":"<h1 class=\"wp-block-heading\">Datenschutzbestimmungen<\/h1>\n\n\n\n<h2 class=\"wp-block-heading\">Welche Informationen sammeln wir?&nbsp;<\/h2>\n\n\n\n<p>Wir sammeln Informationen von Ihnen, wenn Sie eine Bestellung aufgeben, unseren Newsletter abonnieren oder ein Formular ausf\u00fcllen. Bei der Bestellung oder Registrierung auf unserer Website werden Sie gegebenenfalls aufgefordert, Ihren Namen, Ihre E-Mail-Adresse oder Ihre Telefonnummer einzugeben.<\/p>\n\n\n\n<h2 class=\"wp-block-heading\">Wozu verwenden wir Ihre Informationen?<\/h2>\n\n\n\n<p>Alle Informationen, die wir von Ihnen sammeln, k\u00f6nnen auf eine der folgenden Arten verwendet werden:&nbsp;<\/p>\n\n\n\n<ol class=\"wp-block-list\">\n<li>Zur Verbesserung des Kundendienstes&nbsp; (Ihre Informationen helfen uns, effektiver auf Ihre Kundendienstanfragen und Supportbed\u00fcrfnisse zu reagieren)<\/li>\n\n\n\n<li>Um unsere Website zu verbessern&nbsp;(wir sind st\u00e4ndig bem\u00fcht, unser Website-Angebot auf der Grundlage der Informationen und R\u00fcckmeldungen, die wir von Ihnen erhalten, zu verbessern)<\/li>\n<\/ol>\n\n\n\n<h2 class=\"wp-block-heading\">Wie sch\u00fctzen wir Ihre Daten?<\/h2>\n\n\n\n<p>Wir setzen eine Reihe von Sicherheitsma\u00dfnahmen ein, um die Sicherheit Ihrer pers\u00f6nlichen Daten zu gew\u00e4hrleisten, wenn Sie eine Bestellung aufgeben. Wir bieten die Verwendung eines sicheren Servers an. Alle gelieferten sensiblen Informationen werden \u00fcber die Secure Socket Layer (SSL)-Technologie \u00fcbertragen und dann in der Datenbank unseres Zahlungs-Gateway-Anbieters verschl\u00fcsselt, so dass nur diejenigen darauf zugreifen k\u00f6nnen, die \u00fcber besondere Zugangsrechte zu diesen Systemen verf\u00fcgen und verpflichtet sind, die Informationen vertraulich zu behandeln. Nach einer Transaktion werden Ihre privaten Informationen (Kreditkarten, Sozialversicherungsnummern, Finanzdaten usw.) nicht l\u00e4nger als 60 Tage gespeichert.<\/p>\n\n\n\n<h2 class=\"wp-block-heading\">Verwenden wir Cookies?&nbsp;<\/h2>\n\n\n\n<p>Ja (Cookies sind kleine Dateien, die eine Website oder ihr Dienstanbieter \u00fcber Ihren Webbrowser (sofern Sie dies zulassen) auf die Festplatte Ihres Computers \u00fcbertr\u00e4gt und die es den Systemen der Websites oder Dienstanbieter erm\u00f6glichen, Ihren Browser zu erkennen und bestimmte Informationen zu erfassen und zu speichern. Wir verwenden Cookies, um Ihre Pr\u00e4ferenzen f\u00fcr zuk\u00fcnftige Besuche zu verstehen und zu speichern.<\/p>\n\n\n\n<h2 class=\"wp-block-heading\">Geben wir irgendwelche Informationen an Dritte weiter?<\/h2>\n\n\n\n<p>Wir verkaufen, handeln oder \u00fcbertragen Ihre personenbezogenen Daten nicht an Dritte. Davon ausgenommen sind vertrauensw\u00fcrdige Dritte, die uns beim Betrieb unserer Website, bei der Abwicklung unserer Gesch\u00e4fte oder bei der Erbringung von Dienstleistungen f\u00fcr Sie unterst\u00fctzen, sofern sich diese Parteien verpflichten, diese Informationen vertraulich zu behandeln. Wir k\u00f6nnen Ihre Daten auch weitergeben, wenn wir der Meinung sind, dass es angemessen ist, um das Gesetz einzuhalten, unsere Website-Richtlinien durchzusetzen oder unsere oder die Rechte, das Eigentum oder die Sicherheit anderer zu sch\u00fctzen. Nicht pers\u00f6nlich identifizierbare Besucherinformationen k\u00f6nnen jedoch an andere Parteien f\u00fcr Marketing, Werbung oder andere Zwecke weitergegeben werden.<\/p>\n\n\n\n<h2 class=\"wp-block-heading\">Einhaltung des Children Online Privacy Protection Act<\/h2>\n\n\n\n<p>Wir halten uns an die Anforderungen des COPPA (Children's Online Privacy Protection Act). Wir sammeln keine Informationen von Personen unter 13 Jahren. Unsere Website, Produkte und Dienstleistungen richten sich alle an Personen, die mindestens 13 Jahre alt sind.<\/p>\n\n\n\n<h2 class=\"wp-block-heading\">Bedingungen und Konditionen<\/h2>\n\n\n\n<p>Bitte besuchen Sie unseren Abschnitt \u00fcber die Nutzungsbedingungen, Haftungsausschl\u00fcsse und -beschr\u00e4nkungen, die f\u00fcr die Nutzung unserer Website gelten, unter https:\/\/heegermaterials.com\/.<\/p>\n\n\n\n<h2 class=\"wp-block-heading\">Ihr Einverst\u00e4ndnis<\/h2>\n\n\n\n<p>Durch die Nutzung unserer Website erkl\u00e4ren Sie sich mit unserer&nbsp;Datenschutzpolitik einverstanden.<\/p>\n\n\n\n<h2 class=\"wp-block-heading\">\u00c4nderungen an unserer Datenschutzrichtlinie<\/h2>\n\n\n\n<p>Alle \u00c4nderungen an unserer Datenschutzpolitik werden auf dieser Seite ver\u00f6ffentlicht.<\/p>\n\n\n\n<h2 class=\"wp-block-heading\">Kontaktieren Sie uns<\/h2>\n\n\n\n<p style=\"line-height:1.3\">Wenn Sie Fragen zu dieser Datenschutzerkl\u00e4rung haben, k\u00f6nnen Sie sich mit uns in Verbindung setzen, indem Sie die nachstehenden Informationen verwenden.&nbsp;<\/p>\n\n\n\n<blockquote class=\"wp-block-quote is-layout-flow wp-block-quote-is-layout-flow\">\n<p style=\"line-height:0\"><strong>Heeger Materialien Inc<\/strong>.<\/p>\n\n\n\n<p style=\"line-height:0\"><strong>230 Steele St Denver<\/strong><\/p>\n\n\n\n<p style=\"line-height:0\"><strong>CO 80206<\/strong><\/p>\n\n\n\n<p style=\"line-height:0\"><strong>Vereinigte Staaten<\/strong><\/p>\n\n\n\n<p style=\"line-height:0\">Telefon: +1&nbsp;925-385-8104, 1-833-222-8587, 1-303-210-3823<\/p>\n\n\n\n<p style=\"line-height:0\">Email:&nbsp;sales@heegermaterials.com<\/p>\n\n\n\n<p style=\"line-height:0\"><\/p>\n\n\n\n<p><\/p>\n<\/blockquote>","protected":false},"excerpt":{"rendered":"<p>Welche Informationen sammeln wir?&nbsp; Wir sammeln Informationen von Ihnen, wenn Sie eine Bestellung aufgeben, unseren Newsletter abonnieren oder ein Formular ausf\u00fcllen.&nbsp;Bei der Bestellung oder Registrierung auf unserer Website werden Sie gegebenenfalls aufgefordert, Ihren Namen, Ihre E-Mail-Adresse oder Ihre Telefonnummer einzugeben. Wof\u00fcr verwenden wir Ihre Informationen? Beliebig&#8230;<\/p>","protected":false},"author":1,"featured_media":0,"parent":0,"menu_order":0,"comment_status":"closed","ping_status":"open","template":"","meta":{"_kad_blocks_custom_css":"","_kad_blocks_head_custom_js":"","_kad_blocks_body_custom_js":"","_kad_blocks_footer_custom_js":"","_kad_post_transparent":"","_kad_post_title":"","_kad_post_layout":"","_kad_post_sidebar_id":"","_kad_post_content_style":"","_kad_post_vertical_padding":"","_kad_post_feature":"","_kad_post_feature_position":"","_kad_post_header":false,"_kad_post_footer":false,"footnotes":""},"class_list":["post-3","page","type-page","status-publish","hentry"],"taxonomy_info":[],"featured_image_src_large":false,"author_info":{"display_name":"David","author_link":"https:\/\/spherical-powder.com\/de\/author\/396097230qq-com\/"},"comment_info":0,"_links":{"self":[{"href":"https:\/\/spherical-powder.com\/de\/wp-json\/wp\/v2\/pages\/3","targetHints":{"allow":["GET"]}}],"collection":[{"href":"https:\/\/spherical-powder.com\/de\/wp-json\/wp\/v2\/pages"}],"about":[{"href":"https:\/\/spherical-powder.com\/de\/wp-json\/wp\/v2\/types\/page"}],"author":[{"embeddable":true,"href":"https:\/\/spherical-powder.com\/de\/wp-json\/wp\/v2\/users\/1"}],"replies":[{"embeddable":true,"href":"https:\/\/spherical-powder.com\/de\/wp-json\/wp\/v2\/comments?post=3"}],"version-history":[{"count":7,"href":"https:\/\/spherical-powder.com\/de\/wp-json\/wp\/v2\/pages\/3\/revisions"}],"predecessor-version":[{"id":3413,"href":"https:\/\/spherical-powder.com\/de\/wp-json\/wp\/v2\/pages\/3\/revisions\/3413"}],"wp:attachment":[{"href":"https:\/\/spherical-powder.com\/de\/wp-json\/wp\/v2\/media?parent=3"}],"curies":[{"name":"wp","href":"https:\/\/api.w.org\/{rel}","templated":true}]}}