{"id":9,"date":"2024-10-31T02:41:46","date_gmt":"2024-10-31T02:41:46","guid":{"rendered":"https:\/\/startertemplatecloud.com\/g38\/?page_id=9"},"modified":"2024-10-31T02:42:48","modified_gmt":"2024-10-31T02:42:48","slug":"refund_returns","status":"publish","type":"page","link":"https:\/\/spherical-powder.com\/de\/refund_returns\/","title":{"rendered":"R\u00fcckgabe und R\u00fcckerstattung"},"content":{"rendered":"<h1 class=\"wp-block-heading\">R\u00fcckgabe und R\u00fcckerstattung<\/h1>\n\n\n\n<p>Wir danken Ihnen f\u00fcr Ihren Kauf. Wir hoffen, dass Sie mit Ihrem Kauf zufrieden sind. Sollten Sie jedoch aus irgendeinem Grund mit Ihrem Kauf nicht zufrieden sein, k\u00f6nnen Sie ihn gegen eine volle R\u00fcckerstattung, eine Gutschrift oder einen Umtausch an uns zur\u00fcckgeben. Weitere Informationen zu unserem R\u00fcckgaberecht finden Sie unten.<\/p>\n\n\n\n<h2 class=\"wp-block-heading\">R\u00dcCKGABE<\/h2>\n\n\n\n<p>Alle R\u00fccksendungen m\u00fcssen innerhalb von sieben (7) Tagen nach dem Kaufdatum abgestempelt werden. Alle zur\u00fcckgesandten Artikel m\u00fcssen neu und unbenutzt sein, mit allen Originaletiketten und -anh\u00e4ngern.<\/p>\n\n\n\n<h2 class=\"wp-block-heading\">R\u00dcCKKEHRSVERFAHREN<\/h2>\n\n\n\n<p>Um einen Artikel zur\u00fcckzusenden, senden Sie bitte eine E-Mail an den Kundendienst unter wendy@heegermaterials.com&amp;nbsp, um eine RMA-Nummer (Return Merchandise Authorization) zu erhalten. Nachdem Sie eine RMA-Nummer erhalten haben, verpacken Sie den Artikel sicher in der Originalverpackung und senden Sie ihn an die folgende Adresse:<\/p>\n\n\n\n<blockquote class=\"wp-block-quote is-layout-flow wp-block-quote-is-layout-flow\">\n<p style=\"line-height:0\">Heeger Materialien Inc<\/p>\n\n\n\n<p style=\"line-height:0\">Attn: Retouren &#8211; Bestellnummer<\/p>\n\n\n\n<p style=\"line-height:0\">RMA #<\/p>\n<\/blockquote>\n\n\n\n<p style=\"line-height:0\"><\/p>\n\n\n\n<p style=\"line-height:0\"><\/p>\n\n\n\n<p style=\"line-height:0\">Wir empfehlen Ihnen dringend, eine verfolgbare Methode f\u00fcr die R\u00fccksendung zu verwenden.&nbsp;<\/p>\n\n\n\n<p>Nachdem wir Ihre R\u00fccksendung erhalten und den Zustand Ihres Artikels gepr\u00fcft haben, werden wir Ihre R\u00fccksendung oder Ihren Umtausch bearbeiten. Bitte rechnen Sie mit mindestens sieben (7) Tagen ab Erhalt Ihres Artikels, um Ihre R\u00fcckgabe oder Ihren Umtausch zu bearbeiten. Je nach Kreditkartenunternehmen kann es 1-2 Abrechnungszyklen dauern, bis die R\u00fcckerstattung auf Ihrer Kreditkartenabrechnung erscheint.<\/p>\n\n\n\n<h2 class=\"wp-block-heading\">AUSNAHMEN<\/h2>\n\n\n\n<p>Die folgenden Artikel k\u00f6nnen nicht zur\u00fcckgegeben oder umgetauscht werden:<\/p>\n\n\n\n<p style=\"line-height:0\"><strong>&nbsp; &nbsp; &nbsp;\u25cf &nbsp; &nbsp;&nbsp;<\/strong>Ma\u00dfgeschneiderte Produkte<\/p>\n\n\n\n<p style=\"line-height:1.3\">F\u00fcr defekte oder besch\u00e4digte Produkte kontaktieren Sie uns bitte unter den unten angegebenen Kontaktdaten, um eine R\u00fcckerstattung oder einen Umtausch zu vereinbaren.<\/p>\n\n\n\n<p style=\"line-height:0\"><strong>Bitte beachten<\/strong><\/p>\n\n\n\n<p style=\"line-height:0\">&nbsp; &nbsp; &nbsp;<strong>\u25cf&nbsp;<\/strong><strong>&nbsp; &nbsp;&nbsp;<\/strong>F\u00fcr alle R\u00fccksendungen wird eine Wiedereinlagerungsgeb\u00fchr erhoben.<\/p>\n\n\n\n<p style=\"line-height:1.7\">Wenn Sie den Artikel umtauschen m\u00f6chten, wenden Sie sich bitte an uns, wenn Sie Fragen zu unserer R\u00fcckgabepolitik haben:<\/p>\n\n\n\n<p style=\"line-height:0\">925-385-8104, 303-210-3823, 833-222-8587<\/p>\n\n\n\n<p style=\"line-height:0\">wendy@heegermaterials.com<\/p>\n\n\n\n<p><\/p>","protected":false},"excerpt":{"rendered":"<p>R\u00fcckgabe- und R\u00fcckerstattungsbedingungen Vielen Dank f\u00fcr Ihren Kauf. Wir hoffen, dass Sie mit Ihrem Kauf zufrieden sind. Sollten Sie jedoch aus irgendeinem Grund mit Ihrem Kauf nicht zufrieden sein, k\u00f6nnen Sie ihn an uns zur\u00fccksenden und erhalten eine volle R\u00fcckerstattung, eine Gutschrift oder einen Umtausch. Weitere Informationen zu unserem R\u00fcckgaberecht finden Sie weiter unten&#8230;.<\/p>","protected":false},"author":1,"featured_media":0,"parent":0,"menu_order":0,"comment_status":"closed","ping_status":"closed","template":"","meta":{"_kad_blocks_custom_css":"","_kad_blocks_head_custom_js":"","_kad_blocks_body_custom_js":"","_kad_blocks_footer_custom_js":"","_kad_post_transparent":"","_kad_post_title":"","_kad_post_layout":"default","_kad_post_sidebar_id":"","_kad_post_content_style":"","_kad_post_vertical_padding":"hide","_kad_post_feature":"","_kad_post_feature_position":"","_kad_post_header":false,"_kad_post_footer":false,"footnotes":""},"class_list":["post-9","page","type-page","status-publish","hentry"],"taxonomy_info":[],"featured_image_src_large":false,"author_info":{"display_name":"David","author_link":"https:\/\/spherical-powder.com\/de\/author\/396097230qq-com\/"},"comment_info":0,"_links":{"self":[{"href":"https:\/\/spherical-powder.com\/de\/wp-json\/wp\/v2\/pages\/9","targetHints":{"allow":["GET"]}}],"collection":[{"href":"https:\/\/spherical-powder.com\/de\/wp-json\/wp\/v2\/pages"}],"about":[{"href":"https:\/\/spherical-powder.com\/de\/wp-json\/wp\/v2\/types\/page"}],"author":[{"embeddable":true,"href":"https:\/\/spherical-powder.com\/de\/wp-json\/wp\/v2\/users\/1"}],"replies":[{"embeddable":true,"href":"https:\/\/spherical-powder.com\/de\/wp-json\/wp\/v2\/comments?post=9"}],"version-history":[{"count":5,"href":"https:\/\/spherical-powder.com\/de\/wp-json\/wp\/v2\/pages\/9\/revisions"}],"predecessor-version":[{"id":3565,"href":"https:\/\/spherical-powder.com\/de\/wp-json\/wp\/v2\/pages\/9\/revisions\/3565"}],"wp:attachment":[{"href":"https:\/\/spherical-powder.com\/de\/wp-json\/wp\/v2\/media?parent=9"}],"curies":[{"name":"wp","href":"https:\/\/api.w.org\/{rel}","templated":true}]}}