{"id":1895,"date":"2024-10-23T06:13:23","date_gmt":"2024-10-23T06:13:23","guid":{"rendered":"https:\/\/spherical-powder.com\/?post_type=product&#038;p=1895"},"modified":"2025-01-22T08:32:23","modified_gmt":"2025-01-22T08:32:23","slug":"tantalum-spherical-powder-ta-powder-additive-manufacturing-3d-printing","status":"publish","type":"product","link":"https:\/\/spherical-powder.com\/de\/product\/tantalum-spherical-powder-ta-powder-additive-manufacturing-3d-printing\/","title":{"rendered":"Kugelf\u00f6rmiges Tantal-Pulver | Ta-Pulver | Additive Fertigung | 3D-Druck"},"content":{"rendered":"<h2>Tantal Spherical Powderx &#8211; Optimiert f\u00fcr die Additive Fertigung<\/h2>\n<p>Tantal Spherical Powderx wurde speziell f\u00fcr den 3D-Druck entwickelt und bietet eine hervorragende Leistung in Bereichen mit hohen Pr\u00e4zisionsanforderungen wie der Luft- und Raumfahrt, der Automobilindustrie und der Medizintechnik. Dank fortschrittlicher Zerst\u00e4ubungstechniken weist dieses Premium-Pulver hochgradig kugelf\u00f6rmige Partikel auf, die eine verbesserte Flie\u00dff\u00e4higkeit und Packungsdichte aufweisen. Dies verbessert den Druckprozess, die Schichthaftung und f\u00fchrt zu einer hervorragenden Oberfl\u00e4chenbeschaffenheit. Tantal Spherical Powder ist ideal f\u00fcr Laser- und Elektronenstrahl-Pulverbettschmelztechnologien und ist Ihr Schl\u00fcssel zu effizienten, qualitativ hochwertigen Ergebnissen.<\/p>\n<h2>Typische chemische Zusammensetzungen und Spezifikationen<\/h2>\n<p>Unser kugelf\u00f6rmiges Tantalpulver erf\u00fcllt die strengen Industrienormen:<\/p>\n<p><!-- Assuming tables are correctly formatted and placed --><br \/>\n\n<table id=\"tablepress-18\" class=\"tablepress tablepress-id-18\">\n<thead>\n<tr class=\"row-1\">\n\t<th class=\"column-1\">SKU#<\/th><th class=\"column-2\">Produkt<\/th><th class=\"column-3\">Reinheit<\/th><th class=\"column-4\">Partikelgr\u00f6\u00dfe<\/th><th class=\"column-5\">Standard-Verpackung<\/th>\n<\/tr>\n<\/thead>\n<tbody class=\"row-striping row-hover\">\n<tr class=\"row-2\">\n\t<td class=\"column-1\">HMSP0006-1<\/td><td class=\"column-2\">Kugelf\u00f6rmiges Tantal-Pulver<\/td><td class=\"column-3\">Kundenspezifisch<\/td><td class=\"column-4\">1-10um<\/td><td class=\"column-5\">1kg, 5 kg, 25 kg<\/td>\n<\/tr>\n<tr class=\"row-3\">\n\t<td class=\"column-1\">HMSP0006-2<\/td><td class=\"column-2\">Kugelf\u00f6rmiges Tantal-Pulver<\/td><td class=\"column-3\">Kundenspezifisch<\/td><td class=\"column-4\">5-15um<\/td><td class=\"column-5\">1kg, 5 kg, 25 kg<\/td>\n<\/tr>\n<tr class=\"row-4\">\n\t<td class=\"column-1\">HMSP0006-3<\/td><td class=\"column-2\">Kugelf\u00f6rmiges Tantal-Pulver<\/td><td class=\"column-3\">Kundenspezifisch<\/td><td class=\"column-4\">5-25um<\/td><td class=\"column-5\">1kg, 5 kg, 25 kg<\/td>\n<\/tr>\n<tr class=\"row-5\">\n\t<td class=\"column-1\">HMSP0006-4<\/td><td class=\"column-2\">Kugelf\u00f6rmiges Tantal-Pulver<\/td><td class=\"column-3\">Kundenspezifisch<\/td><td class=\"column-4\">15-45um<\/td><td class=\"column-5\">1kg, 5 kg, 25 kg<\/td>\n<\/tr>\n<tr class=\"row-6\">\n\t<td class=\"column-1\">HMSP0006-5<\/td><td class=\"column-2\">Kugelf\u00f6rmiges Tantal-Pulver<\/td><td class=\"column-3\">Kundenspezifisch<\/td><td class=\"column-4\">15-53um<\/td><td class=\"column-5\">1kg, 5 kg, 25 kg<\/td>\n<\/tr>\n<tr class=\"row-7\">\n\t<td class=\"column-1\">HMSP0006-6<\/td><td class=\"column-2\">Kugelf\u00f6rmiges Tantal-Pulver<\/td><td class=\"column-3\">Kundenspezifisch<\/td><td class=\"column-4\">45-105um<\/td><td class=\"column-5\">1kg, 5 kg, 25 kg<\/td>\n<\/tr>\n<tr class=\"row-8\">\n\t<td class=\"column-1\">HMSP0006-7<\/td><td class=\"column-2\">Kugelf\u00f6rmiges Tantal-Pulver<\/td><td class=\"column-3\">Kundenspezifisch<\/td><td class=\"column-4\">53-155um<\/td><td class=\"column-5\">1kg, 5 kg, 30 kg<\/td>\n<\/tr>\n<\/tbody>\n<\/table>\n<!-- #tablepress-18 from cache --><br \/>\n<h2 id=\"tablepress-2000-name\" class=\"tablepress-table-name tablepress-table-name-id-2000\">Partikelgr\u00f6\u00dfenverteilung (PSD)<\/h2>\n<span id=\"tablepress-2000-description\" class=\"tablepress-table-description tablepress-table-description-id-2000\">Die Partikelgr\u00f6\u00dfenverteilung (PSD) von sph\u00e4rischen Metallpulvern ist f\u00fcr Hochleistungsanwendungen wie 3D-Druck und Metallurgie entscheidend. Unsere Pulver verf\u00fcgen \u00fcber eine streng kontrollierte PSD f\u00fcr optimale Flie\u00dff\u00e4higkeit, Packungsdichte und konsistente Ergebnisse. Ideal f\u00fcr Branchen mit hohen Pr\u00e4zisionsanspr\u00fcchen.<\/span>\n\n<table id=\"tablepress-2000\" class=\"tablepress tablepress-id-2000 tbody-has-connected-cells\" aria-labelledby=\"tablepress-2000-name\" aria-describedby=\"tablepress-2000-description\">\n<thead>\n<tr class=\"row-1\">\n\t<th class=\"column-1\">Partikelgr\u00f6\u00dfe<strong><\/th><th colspan=\"3\" class=\"column-2\">Partikelgr\u00f6\u00dfe Beschreibung<\/th><th class=\"column-5\">PSD<br \/>\n(Malvern Laser-Partikelgr\u00f6\u00dfenanalysator)<\/strong><\/th>\n<\/tr>\n<\/thead>\n<tbody class=\"row-striping row-hover\">\n<tr class=\"row-2\">\n\t<td class=\"column-1\">15-45\u03bcm<\/td><td class=\"column-2\">D10=15-20\u03bcm<\/td><td class=\"column-3\">D50=25-30\u03bcm<\/td><td class=\"column-4\">D90=35-40\u03bcm<\/td><td rowspan=\"6\" class=\"column-5\"><figure id=\"attachment_1795\" aria-describedby=\"caption-attachment-1795\" style=\"width: 300px\" class=\"wp-caption aligncenter\"><img loading=\"lazy\" decoding=\"async\" src=\"https:\/\/spherical-powder.com\/wp-content\/uploads\/2024\/09\/PSD-jpg-2-1-300x156.jpg\" alt=\"\" width=\"300\" height=\"156\" class=\"size-medium wp-image-1795\" srcset=\"https:\/\/spherical-powder.com\/wp-content\/uploads\/2024\/09\/PSD-jpg-2-1-300x156.jpg 300w, https:\/\/spherical-powder.com\/wp-content\/uploads\/2024\/09\/PSD-jpg-2-1-600x311.jpg 600w, https:\/\/spherical-powder.com\/wp-content\/uploads\/2024\/09\/PSD-jpg-2-1.jpg 711w\" sizes=\"auto, (max-width: 300px) 100vw, 300px\" \/><figcaption id=\"caption-attachment-1795\" class=\"wp-caption-text\">Die Partikelgr\u00f6\u00dfenverteilung der kugelf\u00f6rmigen Pulver.<\/figcaption><\/figure><\/td>\n<\/tr>\n<tr class=\"row-3\">\n\t<td class=\"column-1\">15-53\u03bcm<\/td><td class=\"column-2\">D10=15-20\u03bcm<\/td><td class=\"column-3\">D50=25-35\u03bcm<\/td><td class=\"column-4\">D90=45-50\u03bcm<\/td>\n<\/tr>\n<tr class=\"row-4\">\n\t<td class=\"column-1\">5-25\u03bcm<\/td><td class=\"column-2\">D10=5-10\u03bcm<\/td><td class=\"column-3\">D50=15-20\u03bcm<\/td><td class=\"column-4\">D90=20-25\u03bcm<\/td>\n<\/tr>\n<tr class=\"row-5\">\n\t<td class=\"column-1\">45-75\u03bcm<\/td><td class=\"column-2\">D10=45-55\u03bcm<\/td><td class=\"column-3\">D50=55-65\u03bcm<\/td><td class=\"column-4\">D90=70-75\u03bcm<\/td>\n<\/tr>\n<tr class=\"row-6\">\n\t<td class=\"column-1\">45-105\u03bcm<\/td><td class=\"column-2\">D10=50-60\u03bcm<\/td><td class=\"column-3\">D50=75-85\u03bcm<\/td><td class=\"column-4\">D90=95-105\u03bcm<\/td>\n<\/tr>\n<tr class=\"row-7\">\n\t<td class=\"column-1\">75-150\u03bcm<\/td><td class=\"column-2\">D10=80-90\u03bcm<\/td><td class=\"column-3\">D50=110-125\u03bcm<\/td><td class=\"column-4\">D90=135-150\u03bcm<\/td>\n<\/tr>\n<\/tbody>\n<\/table>\n<!-- #tablepress-2000 from cache --><br \/>\n<em>*Kundenspezifische PSDs (Partikelgr\u00f6\u00dfenverteilungen) sind auf Anfrage erh\u00e4ltlich.<\/em><\/p>\n<h2>Anwendungen von kugelf\u00f6rmigem Tantal-Pulver<\/h2>\n<ul>\n<li>Additive Fertigung: Erm\u00f6glicht komplexe Designs und leichte Strukturen.<\/li>\n<li>Pulvermetallurgie: Erleichtert die Herstellung von dichten, gleichm\u00e4\u00dfigen Teilen.<\/li>\n<li>Komponenten f\u00fcr die Luft- und Raumfahrt: Produziert hochfeste, leichte Teile f\u00fcr Flugzeuge.<\/li>\n<li>Automobilindustrie: Verbessert die Kraftstoffeffizienz mit Pr\u00e4zisionskomponenten.<\/li>\n<li>Biomedizinische Ger\u00e4te: Unterst\u00fctzt die Entwicklung von ma\u00dfgeschneiderten, biokompatiblen Implantaten.<\/li>\n<li>Beschichtungen: Bietet eine hervorragende Verschlei\u00dffestigkeit f\u00fcr thermische Spritzanwendungen.<\/li>\n<\/ul>\n<h2>Produkthinweise, Verpackung und Versand<\/h2>\n<ul>\n<li>Verpackungsoptionen: Erh\u00e4ltlich in 1kg-, 5kg- und 25kg-Beh\u00e4ltern. Kundenspezifische Verpackungen verf\u00fcgbar.<\/li>\n<li>Versand \u00fcber UPS, DHL, FedEx und mehr.<\/li>\n<li>Lieferzeiten: 1-2 Wochen f\u00fcr Lagerartikel, 4-5 Wochen f\u00fcr Sonderanfertigungen.<\/li>\n<\/ul>\n<h2>Wo kann man kugelf\u00f6rmiges Tantalpulver als Bulkware kaufen?<\/h2>\n<p>Wir sind ein f\u00fchrender Anbieter und Hersteller von hochwertigem sph\u00e4rischem Pulver. Dank unseres umfassenden Know-hows bieten wir wettbewerbsf\u00e4hige Preise und ma\u00dfgeschneiderte L\u00f6sungen, um au\u00dfergew\u00f6hnliche Qualit\u00e4t und Kundenzufriedenheit zu gew\u00e4hrleisten.<\/p>","protected":false},"excerpt":{"rendered":"<p>Tantalum Spherical Powder: We offer a wide range of high-quality, customizable spherical metal powders in various particle sizes, available in stock with fast lead times. Our products cater to large-scale projects and specific client needs, making them ideal for aerospace, marine, and defense applications.<br \/>\n<a href=\"https:\/\/spherical-powder.com\/wp-content\/uploads\/2025\/01\/SDS_Tantalum-Ta-Powder.pdf\"><br \/>\n[kadence_element id=\"3594\"]<br \/>\n<a\/><\/p>\n","protected":false},"featured_media":1831,"template":"","meta":{"_kad_blocks_custom_css":"","_kad_blocks_head_custom_js":"","_kad_blocks_body_custom_js":"","_kad_blocks_footer_custom_js":"","_kad_post_transparent":"default","_kad_post_title":"","_kad_post_layout":"default","_kad_post_sidebar_id":"","_kad_post_content_style":"default","_kad_post_vertical_padding":"default","_kad_post_feature":"","_kad_post_feature_position":"","_kad_post_header":false,"_kad_post_footer":false},"product_brand":[],"product_cat":[76],"product_tag":[],"class_list":{"0":"post-1895","1":"product","2":"type-product","3":"status-publish","4":"has-post-thumbnail","6":"product_cat-pure-metal-spherical-powder","8":"first","9":"instock","10":"featured","11":"shipping-taxable","12":"product-type-simple","13":"entry","14":"content-bg","15":"loop-entry"},"taxonomy_info":{"product_cat":[{"value":76,"label":"Pure Metal Spherical powder"}]},"featured_image_src_large":["https:\/\/spherical-powder.com\/wp-content\/uploads\/2024\/10\/Tantalum-Ta-Spherical-Powder.jpg",800,800,false],"author_info":[],"comment_info":"","_links":{"self":[{"href":"https:\/\/spherical-powder.com\/de\/wp-json\/wp\/v2\/product\/1895","targetHints":{"allow":["GET"]}}],"collection":[{"href":"https:\/\/spherical-powder.com\/de\/wp-json\/wp\/v2\/product"}],"about":[{"href":"https:\/\/spherical-powder.com\/de\/wp-json\/wp\/v2\/types\/product"}],"wp:featuredmedia":[{"embeddable":true,"href":"https:\/\/spherical-powder.com\/de\/wp-json\/wp\/v2\/media\/1831"}],"wp:attachment":[{"href":"https:\/\/spherical-powder.com\/de\/wp-json\/wp\/v2\/media?parent=1895"}],"wp:term":[{"taxonomy":"product_brand","embeddable":true,"href":"https:\/\/spherical-powder.com\/de\/wp-json\/wp\/v2\/product_brand?post=1895"},{"taxonomy":"product_cat","embeddable":true,"href":"https:\/\/spherical-powder.com\/de\/wp-json\/wp\/v2\/product_cat?post=1895"},{"taxonomy":"product_tag","embeddable":true,"href":"https:\/\/spherical-powder.com\/de\/wp-json\/wp\/v2\/product_tag?post=1895"}],"curies":[{"name":"wp","href":"https:\/\/api.w.org\/{rel}","templated":true}]}}