{"id":3846,"date":"2026-04-27T09:47:49","date_gmt":"2026-04-27T09:47:49","guid":{"rendered":"https:\/\/spherical-powder.com\/?post_type=product&#038;p=3846"},"modified":"2026-04-28T06:03:41","modified_gmt":"2026-04-28T06:03:41","slug":"silica-spherical-powder","status":"publish","type":"product","link":"https:\/\/spherical-powder.com\/de\/product\/silica-spherical-powder\/","title":{"rendered":"Kugelf\u00f6rmiges Siliziumdioxid-Pulver"},"content":{"rendered":"<h2>Sph\u00e4risches Siliziumdioxid-Pulver - Optimiert f\u00fcr die Additive Fertigung<\/h2>\n<p>Silica Spherical Powder wurde speziell f\u00fcr den 3D-Druck entwickelt und bietet eine hervorragende Leistung in Bereichen mit hohen Pr\u00e4zisionsanforderungen wie der Luft- und Raumfahrt, der Automobilindustrie und der Medizintechnik. Durch den Einsatz fortschrittlicher Zerst\u00e4ubungstechniken weist dieses Premium-Pulver hochgradig kugelf\u00f6rmige Partikel auf, die die Flie\u00dff\u00e4higkeit und Packungsdichte verbessern. Dadurch wird der Druckprozess verbessert, die Schichthaftung erh\u00f6ht und eine hervorragende Oberfl\u00e4cheng\u00fcte erzielt. Silica Spherical Powder eignet sich ideal f\u00fcr Laser- und Elektronenstrahl-Pulverbettschmelzverfahren und ist Ihr Schl\u00fcssel zu einer effizienten, hochwertigen Produktion.<\/p>\n<h2>Typische chemische Zusammensetzungen und Spezifikationen<\/h2>\n<p>Unser kugelf\u00f6rmiges Siliziumdioxid-Pulver erf\u00fcllt die strengen Industrienormen:<\/p>\n<table id=\"tablepress-389\" class=\"tablepress tablepress-id-389\">\n<thead>\n<tr class=\"row-1\">\n<th class=\"column-1\">SKU#<\/th>\n<th class=\"column-2\">Produkt<\/th>\n<th class=\"column-3\">Reinheit<\/th>\n<th class=\"column-4\">Partikelgr\u00f6\u00dfe<\/th>\n<th class=\"column-5\">Standard-Verpackung<\/th>\n<\/tr>\n<\/thead>\n<tbody class=\"row-striping row-hover\">\n<tr class=\"row-2\">\n<td class=\"column-1\">HMSP0001-1<\/td>\n<td class=\"column-2\">Kugelf\u00f6rmiges Siliziumdioxid-Pulver<\/td>\n<td class=\"column-3\">Kundenspezifisch<\/td>\n<td class=\"column-4\">1-10um<\/td>\n<td class=\"column-5\">1kg, 5 kg, 25 kg<\/td>\n<\/tr>\n<tr class=\"row-3\">\n<td class=\"column-1\">HMSP0001-2<\/td>\n<td class=\"column-2\">Kugelf\u00f6rmiges Siliziumdioxid-Pulver<\/td>\n<td class=\"column-3\">Kundenspezifisch<\/td>\n<td class=\"column-4\">5-15um<\/td>\n<td class=\"column-5\">1kg, 5 kg, 25 kg<\/td>\n<\/tr>\n<tr class=\"row-4\">\n<td class=\"column-1\">HMSP0001-3<\/td>\n<td class=\"column-2\">Kugelf\u00f6rmiges Siliziumdioxid-Pulver<\/td>\n<td class=\"column-3\">Kundenspezifisch<\/td>\n<td class=\"column-4\">5-25um<\/td>\n<td class=\"column-5\">1kg, 5 kg, 25 kg<\/td>\n<\/tr>\n<tr class=\"row-5\">\n<td class=\"column-1\">HMSP0001-4<\/td>\n<td class=\"column-2\">Kugelf\u00f6rmiges Siliziumdioxid-Pulver<\/td>\n<td class=\"column-3\">Kundenspezifisch<\/td>\n<td class=\"column-4\">15-45um<\/td>\n<td class=\"column-5\">1kg, 5 kg, 25 kg<\/td>\n<\/tr>\n<tr class=\"row-6\">\n<td class=\"column-1\">HMSP0001-5<\/td>\n<td class=\"column-2\">Kugelf\u00f6rmiges Siliziumdioxid-Pulver<\/td>\n<td class=\"column-3\">Kundenspezifisch<\/td>\n<td class=\"column-4\">15-53um<\/td>\n<td class=\"column-5\">1kg, 5 kg, 25 kg<\/td>\n<\/tr>\n<tr class=\"row-7\">\n<td class=\"column-1\">HMSP0001-6<\/td>\n<td class=\"column-2\">Kugelf\u00f6rmiges Siliziumdioxid-Pulver<\/td>\n<td class=\"column-3\">Kundenspezifisch<\/td>\n<td class=\"column-4\">45-105um<\/td>\n<td class=\"column-5\">1kg, 5 kg, 25 kg<\/td>\n<\/tr>\n<tr class=\"row-8\">\n<td class=\"column-1\">HMSP0001-7<\/td>\n<td class=\"column-2\">Kugelf\u00f6rmiges Siliziumdioxid-Pulver<\/td>\n<td class=\"column-3\">Kundenspezifisch<\/td>\n<td class=\"column-4\">53-150um<\/td>\n<td class=\"column-5\">1kg, 5 kg, 25 kg<\/td>\n<\/tr>\n<\/tbody>\n<\/table>\n<h2 id=\"tablepress-2000-name\" class=\"tablepress-table-name tablepress-table-name-id-2000\">Partikelgr\u00f6\u00dfenverteilung (PSD)<\/h2>\n<p><span id=\"tablepress-2000-description\" class=\"tablepress-table-description tablepress-table-description-id-2000\">Die Partikelgr\u00f6\u00dfenverteilung (PSD) von sph\u00e4rischen Metallpulvern ist f\u00fcr Hochleistungsanwendungen wie 3D-Druck und Metallurgie entscheidend. Unsere Pulver verf\u00fcgen \u00fcber eine streng kontrollierte PSD f\u00fcr optimale Flie\u00dff\u00e4higkeit, Packungsdichte und konsistente Ergebnisse. Ideal f\u00fcr Branchen mit hohen Pr\u00e4zisionsanspr\u00fcchen.<\/span><\/p>\n<table id=\"tablepress-2000\" class=\"tablepress tablepress-id-2000 tbody-has-connected-cells\" aria-labelledby=\"tablepress-2000-name\" aria-describedby=\"tablepress-2000-description\">\n<thead>\n<tr class=\"row-1\">\n<th class=\"column-1\">Partikelgr\u00f6\u00dfe<\/th>\n<th class=\"column-2\" colspan=\"3\">Partikelgr\u00f6\u00dfe Beschreibung<\/th>\n<th class=\"column-5\">PSD<br \/>\n(Malvern Laser-Partikelgr\u00f6\u00dfenanalysator)<\/th>\n<\/tr>\n<\/thead>\n<tbody class=\"row-striping row-hover\">\n<tr class=\"row-2\">\n<td class=\"column-1\">15-45\u03bcm<\/td>\n<td class=\"column-2\">D10=15-20\u03bcm<\/td>\n<td class=\"column-3\">D50=25-30\u03bcm<\/td>\n<td class=\"column-4\">D90=35-40\u03bcm<\/td>\n<td class=\"column-5\" rowspan=\"6\">\n<figure id=\"attachment_1795\" class=\"wp-caption aligncenter\" aria-describedby=\"caption-attachment-1795\"><img class=\"size-medium wp-image-1795 entered exited\" alt=\"PSD jpg 2 1\" width=\"300\" height=\"156\" data-lazy-srcset=\"https:\/\/web.archive.org\/web\/20260121064144\/https:\/\/spherical-powder.com\/wp-content\/uploads\/2024\/09\/PSD-jpg-2-1-300x156.jpg 300w, https:\/\/spherical-powder.com\/wp-content\/uploads\/2024\/09\/PSD-jpg-2-1-600x311.jpg 600w, https:\/\/spherical-powder.com\/wp-content\/uploads\/2024\/09\/PSD-jpg-2-1.jpg 711w\" data-lazy-sizes=\"(max-width: 300px) 100vw, 300px\" data-lazy-src=\"https:\/\/web.archive.org\/web\/20260121064144\/https:\/\/spherical-powder.com\/wp-content\/uploads\/2024\/09\/PSD-jpg-2-1-300x156.jpg\" srcset=\"https:\/\/spherical-powder.com\/wp-content\/uploads\/2024\/09\/PSD-jpg-2-1-300x156.jpg 300w, https:\/\/spherical-powder.com\/wp-content\/uploads\/2024\/09\/PSD-jpg-2-1-600x311.jpg 600w, https:\/\/spherical-powder.com\/wp-content\/uploads\/2024\/09\/PSD-jpg-2-1.jpg 711w\" sizes=\"(max-width: 300px) 100vw, 300px\" \/><figcaption id=\"caption-attachment-1795\" class=\"wp-caption-text\">Die Partikelgr\u00f6\u00dfenverteilung der kugelf\u00f6rmigen Pulver.<\/figcaption><\/figure>\n<\/td>\n<\/tr>\n<tr class=\"row-3\">\n<td class=\"column-1\">15-53\u03bcm<\/td>\n<td class=\"column-2\">D10=15-20\u03bcm<\/td>\n<td class=\"column-3\">D50=25-35\u03bcm<\/td>\n<td class=\"column-4\">D90=45-50\u03bcm<\/td>\n<\/tr>\n<tr class=\"row-4\">\n<td class=\"column-1\">5-25\u03bcm<\/td>\n<td class=\"column-2\">D10=5-10\u03bcm<\/td>\n<td class=\"column-3\">D50=15-20\u03bcm<\/td>\n<td class=\"column-4\">D90=20-25\u03bcm<\/td>\n<\/tr>\n<tr class=\"row-5\">\n<td class=\"column-1\">45-75\u03bcm<\/td>\n<td class=\"column-2\">D10=45-55\u03bcm<\/td>\n<td class=\"column-3\">D50=55-65\u03bcm<\/td>\n<td class=\"column-4\">D90=70-75\u03bcm<\/td>\n<\/tr>\n<tr class=\"row-6\">\n<td class=\"column-1\">45-105\u03bcm<\/td>\n<td class=\"column-2\">D10=50-60\u03bcm<\/td>\n<td class=\"column-3\">D50=75-85\u03bcm<\/td>\n<td class=\"column-4\">D90=95-105\u03bcm<\/td>\n<\/tr>\n<tr class=\"row-7\">\n<td class=\"column-1\">75-150\u03bcm<\/td>\n<td class=\"column-2\">D10=80-90\u03bcm<\/td>\n<td class=\"column-3\">D50=110-125\u03bcm<\/td>\n<td class=\"column-4\">D90=135-150\u03bcm<\/td>\n<\/tr>\n<\/tbody>\n<\/table>\n<p><em>*Kundenspezifische PSDs (Partikelgr\u00f6\u00dfenverteilungen) sind auf Anfrage erh\u00e4ltlich.<\/em><\/p>\n<h2>Grundlegende Eigenschaften von kugelf\u00f6rmigem Silicapulver<\/h2>\n<table id=\"tablepress-390\" class=\"tablepress tablepress-id-390\">\n<thead>\n<tr class=\"row-1\">\n<th class=\"column-1\">Artikel<\/th>\n<th class=\"column-2\">Einheit<\/th>\n<th class=\"column-3\">Typischer Wert<\/th>\n<\/tr>\n<\/thead>\n<tbody class=\"row-striping row-hover\">\n<tr class=\"row-2\">\n<td class=\"column-1\">Erscheinungsbild<\/td>\n<td class=\"column-2\">\/<\/td>\n<td class=\"column-3\">Wei\u00dfes Puder<\/td>\n<\/tr>\n<tr class=\"row-3\">\n<td class=\"column-1\">Morphologie der Partikel<\/td>\n<td class=\"column-2\">\/<\/td>\n<td class=\"column-3\">Sph\u00e4risch<\/td>\n<\/tr>\n<tr class=\"row-4\">\n<td class=\"column-1\">Dichte<\/td>\n<td class=\"column-2\">kg\/m3<\/td>\n<td class=\"column-3\">2.20\u00d7103<\/td>\n<\/tr>\n<tr class=\"row-5\">\n<td class=\"column-1\">Mohs-H\u00e4rte<\/td>\n<td class=\"column-2\">\/<\/td>\n<td class=\"column-3\">6.0<\/td>\n<\/tr>\n<tr class=\"row-6\">\n<td class=\"column-1\">Dielektrizit\u00e4tskonstante<\/td>\n<td class=\"column-2\">\/<\/td>\n<td class=\"column-3\">3,88 (1MHz)<\/td>\n<\/tr>\n<tr class=\"row-7\">\n<td class=\"column-1\">Dielektrischer Verlust<\/td>\n<td class=\"column-2\">\/<\/td>\n<td class=\"column-3\">0,0002 (2MHz)<\/td>\n<\/tr>\n<tr class=\"row-8\">\n<td class=\"column-1\">Koeffizient der linearen Ausdehnung<\/td>\n<td class=\"column-2\">1\/K<\/td>\n<td class=\"column-3\">0.5\u00d710-6<\/td>\n<\/tr>\n<tr class=\"row-9\">\n<td class=\"column-1\">W\u00e4rmeleitf\u00e4higkeit<\/td>\n<td class=\"column-2\">W\/K-m<\/td>\n<td class=\"column-3\">1.1<\/td>\n<\/tr>\n<tr class=\"row-10\">\n<td class=\"column-1\">Brechungsindex<\/td>\n<td class=\"column-2\">\/<\/td>\n<td class=\"column-3\">1.45<\/td>\n<\/tr>\n<\/tbody>\n<\/table>\n<p>&nbsp;<\/p>\n<h2>Anwendungen von kugelf\u00f6rmigem Siliziumdioxid-Pulver<\/h2>\n<ul>\n<li><b><span class=\"15\">Epoxidharz-Formmasse<\/span><\/b>\u00a0zur Verringerung des W\u00e4rmeausdehnungskoeffizienten und zur Verbesserung der W\u00e4rmeleitf\u00e4higkeit.<\/li>\n<li><b><span class=\"15\">Chip-Underfill<\/span><\/b>, und nutzt seine hohe Flie\u00dff\u00e4higkeit, um L\u00f6tstellen durch das F\u00fcllen von Mikrospalten zu sch\u00fctzen.<\/li>\n<li><b><span class=\"15\">Hochwertige Beschichtungen<\/span><\/b>\u00a0um die Verschlei\u00df- und Kratzfestigkeit deutlich zu verbessern.<\/li>\n<li><b><span class=\"15\">Thermische Fette und Gele<\/span><\/b>\u00a0dienen als funktioneller F\u00fcllstoff zur Verbesserung der thermischen Gesamtleistung.<\/li>\n<li><b><span class=\"15\">Unterst\u00fctzung f\u00fcr Katalysatoren<\/span><\/b>, wird aufgrund seiner gro\u00dfen Oberfl\u00e4che und kontrollierbaren Porengr\u00f6\u00dfe in verschiedenen katalytischen Reaktionen eingesetzt.<\/li>\n<li><b><span class=\"15\">Chromatographie-Verpackung<\/span><\/b>\u00a0f\u00fcr Hochleistungs-Fl\u00fcssigkeitschromatographies\u00e4ulen, um eine hochaufl\u00f6sende Trennung zu erreichen.<\/li>\n<li><b><span class=\"15\">3D-Druck-Pulver<\/span><\/b>, das als Ausgangsmaterial f\u00fcr das selektive Lasersintern verwendet wird.<\/li>\n<li><b><span class=\"15\">Hochwertige Kosmetik<\/span><\/b>\u00a0wie Foundations und Puder bieten ein seidiges Gef\u00fchl und ein transparentes Finish.<\/li>\n<li><b><span class=\"15\">Herstellung von Pr\u00e4zisionskeramik<\/span><\/b>\u00a0dient als Vorl\u00e4ufer f\u00fcr Hochleistungs-Strukturkeramiken.<\/li>\n<li><b><span class=\"15\">Pharmazeutischer Tr\u00e4ger und Hilfsstoff<\/span><\/b>, Sie verbessern die Flie\u00dff\u00e4higkeit des Pulvers und erm\u00f6glichen eine kontrollierte Wirkstofffreisetzung.<\/li>\n<\/ul>\n<h2>Produkthinweise, Verpackung und Versand<\/h2>\n<ul>\n<li>Verpackungsoptionen: Erh\u00e4ltlich in 1kg-, 5kg- und 25kg-Beh\u00e4ltern. Kundenspezifische Verpackungen sind verf\u00fcgbar.<\/li>\n<li>Versand \u00fcber UPS, DHL, FedEx und mehr.<\/li>\n<li>Lieferzeiten: 1-2 Wochen f\u00fcr Lagerartikel, 4-5 Wochen f\u00fcr Sonderanfertigungen.<\/li>\n<\/ul>\n<h2>Wo kann man kugelf\u00f6rmiges Siliziumdioxid-Pulver als Sch\u00fcttgut kaufen?<\/h2>\n<p>Wir sind ein f\u00fchrender Anbieter und Hersteller von hochwertigem sph\u00e4rischem Pulver. Dank unseres umfassenden Know-hows bieten wir wettbewerbsf\u00e4hige Preise und ma\u00dfgeschneiderte L\u00f6sungen, um au\u00dfergew\u00f6hnliche Qualit\u00e4t und Kundenzufriedenheit zu gew\u00e4hrleisten.<\/p>\n<div id=\"tab-additional_information\" class=\"woocommerce-Tabs-panel woocommerce-Tabs-panel--additional_information panel entry-content wc-tab\" role=\"tabpanel\" aria-labelledby=\"tab-title-additional_information\">\n<h2>Zus\u00e4tzliche Informationen<\/h2>\n<table class=\"woocommerce-product-attributes shop_attributes\" aria-label=\"Details zum Produkt\">\n<tbody>\n<tr class=\"woocommerce-product-attributes-item woocommerce-product-attributes-item--attribute_molecular-formulargrade\">\n<th class=\"woocommerce-product-attributes-item__label\" scope=\"row\">Molekulare Formel\/Grad<\/th>\n<td class=\"woocommerce-product-attributes-item__value\">SiO2<\/td>\n<\/tr>\n<tr class=\"woocommerce-product-attributes-item woocommerce-product-attributes-item--attribute_purity\">\n<th class=\"woocommerce-product-attributes-item__label\" scope=\"row\">Reinheit<\/th>\n<td class=\"woocommerce-product-attributes-item__value\">99.0%-99.95%<\/td>\n<\/tr>\n<tr class=\"woocommerce-product-attributes-item woocommerce-product-attributes-item--attribute_particle-size\">\n<th class=\"woocommerce-product-attributes-item__label\" scope=\"row\">Partikelgr\u00f6\u00dfe<\/th>\n<td class=\"woocommerce-product-attributes-item__value\">1-50 \u03bcm, kundenspezifisch<\/td>\n<\/tr>\n<tr class=\"woocommerce-product-attributes-item woocommerce-product-attributes-item--attribute_production-method\">\n<th class=\"woocommerce-product-attributes-item__label\" scope=\"row\">Produktionsverfahren<\/th>\n<td class=\"woocommerce-product-attributes-item__value\">VIGA, EIGA, PREP, WA, PDR, CA<\/td>\n<\/tr>\n<tr class=\"woocommerce-product-attributes-item woocommerce-product-attributes-item--attribute_cas\">\n<th class=\"woocommerce-product-attributes-item__label\" scope=\"row\">CAS<\/th>\n<td class=\"woocommerce-product-attributes-item__value\">NA<\/td>\n<\/tr>\n<tr class=\"woocommerce-product-attributes-item woocommerce-product-attributes-item--attribute_melting-point\">\n<th class=\"woocommerce-product-attributes-item__label\" scope=\"row\">Schmelzpunkt<\/th>\n<td class=\"woocommerce-product-attributes-item__value\">NA<\/td>\n<\/tr>\n<tr class=\"woocommerce-product-attributes-item woocommerce-product-attributes-item--attribute_boiling-point\">\n<th class=\"woocommerce-product-attributes-item__label\" scope=\"row\">Siedepunkt<\/th>\n<td class=\"woocommerce-product-attributes-item__value\">NA<\/td>\n<\/tr>\n<tr class=\"woocommerce-product-attributes-item woocommerce-product-attributes-item--attribute_density\">\n<th class=\"woocommerce-product-attributes-item__label\" scope=\"row\">Dichte<\/th>\n<td class=\"woocommerce-product-attributes-item__value\">2,20 g\/cm3<\/td>\n<\/tr>\n<tr class=\"woocommerce-product-attributes-item woocommerce-product-attributes-item--attribute_composition\">\n<th class=\"woocommerce-product-attributes-item__label\" scope=\"row\">Zusammensetzung<\/th>\n<td class=\"woocommerce-product-attributes-item__value\">SiO2<\/td>\n<\/tr>\n<tr class=\"woocommerce-product-attributes-item woocommerce-product-attributes-item--attribute_morphology\">\n<th class=\"woocommerce-product-attributes-item__label\" scope=\"row\">Morphologie<\/th>\n<td class=\"woocommerce-product-attributes-item__value\">Sph\u00e4risch<\/td>\n<\/tr>\n<\/tbody>\n<\/table>\n<\/div>","protected":false},"excerpt":{"rendered":"<p>Sph\u00e4risches Silica-Pulver: Sph\u00e4risches industrielles Keramikpulver f\u00fcr die additive Fertigung. Wir bieten eine breite Palette hochwertiger, anpassbarer sph\u00e4rischer Metallpulver in verschiedenen Partikelgr\u00f6\u00dfen an, die mit kurzen Lieferzeiten auf Lager sind. Unsere Produkte sind f\u00fcr Gro\u00dfprojekte und spezifische Kundenbed\u00fcrfnisse geeignet und somit ideal f\u00fcr Anwendungen in der Luft- und Raumfahrt, der Schifffahrt und der Verteidigung.<\/p>","protected":false},"featured_media":3851,"template":"","meta":{"_kad_blocks_custom_css":"","_kad_blocks_head_custom_js":"","_kad_blocks_body_custom_js":"","_kad_blocks_footer_custom_js":"","_kad_post_transparent":"default","_kad_post_title":"","_kad_post_layout":"default","_kad_post_sidebar_id":"","_kad_post_content_style":"default","_kad_post_vertical_padding":"default","_kad_post_feature":"","_kad_post_feature_position":"","_kad_post_header":false,"_kad_post_footer":false},"product_brand":[],"product_cat":[86],"product_tag":[],"class_list":{"0":"post-3846","1":"product","2":"type-product","3":"status-publish","4":"has-post-thumbnail","6":"product_cat-ceramic-spherical-powder","8":"first","9":"instock","10":"featured","11":"shipping-taxable","12":"product-type-simple","13":"entry","14":"content-bg","15":"loop-entry"},"taxonomy_info":{"product_cat":[{"value":86,"label":"Ceramic Spherical Powder"}]},"featured_image_src_large":["https:\/\/spherical-powder.com\/wp-content\/uploads\/2026\/04\/silica-spherical-powder.jpg",1024,1024,false],"author_info":[],"comment_info":"","_links":{"self":[{"href":"https:\/\/spherical-powder.com\/de\/wp-json\/wp\/v2\/product\/3846","targetHints":{"allow":["GET"]}}],"collection":[{"href":"https:\/\/spherical-powder.com\/de\/wp-json\/wp\/v2\/product"}],"about":[{"href":"https:\/\/spherical-powder.com\/de\/wp-json\/wp\/v2\/types\/product"}],"wp:featuredmedia":[{"embeddable":true,"href":"https:\/\/spherical-powder.com\/de\/wp-json\/wp\/v2\/media\/3851"}],"wp:attachment":[{"href":"https:\/\/spherical-powder.com\/de\/wp-json\/wp\/v2\/media?parent=3846"}],"wp:term":[{"taxonomy":"product_brand","embeddable":true,"href":"https:\/\/spherical-powder.com\/de\/wp-json\/wp\/v2\/product_brand?post=3846"},{"taxonomy":"product_cat","embeddable":true,"href":"https:\/\/spherical-powder.com\/de\/wp-json\/wp\/v2\/product_cat?post=3846"},{"taxonomy":"product_tag","embeddable":true,"href":"https:\/\/spherical-powder.com\/de\/wp-json\/wp\/v2\/product_tag?post=3846"}],"curies":[{"name":"wp","href":"https:\/\/api.w.org\/{rel}","templated":true}]}}