{"id":3,"date":"2024-10-31T05:16:23","date_gmt":"2024-10-31T05:16:23","guid":{"rendered":"http:\/\/spherical-powder.com\/?page_id=3"},"modified":"2024-10-31T05:17:34","modified_gmt":"2024-10-31T05:17:34","slug":"privacy-policy","status":"publish","type":"page","link":"https:\/\/spherical-powder.com\/es\/privacy-policy\/","title":{"rendered":"Pol\u00edtica de privacidad"},"content":{"rendered":"<h1 class=\"wp-block-heading\">Pol\u00edtica de privacidad<\/h1>\n\n\n\n<h2 class=\"wp-block-heading\">\u00bfQu\u00e9 informaci\u00f3n recogemos?&nbsp;<\/h2>\n\n\n\n<p>Recopilamos informaci\u00f3n sobre usted cuando realiza un pedido, se suscribe a nuestro bolet\u00edn de noticias o rellena un formulario.&nbsp;Al realizar un pedido o registrarse en nuestro sitio, seg\u00fan corresponda, es posible que se le pida que introduzca su nombre, direcci\u00f3n de correo electr\u00f3nico o n\u00famero de tel\u00e9fono.<\/p>\n\n\n\n<h2 class=\"wp-block-heading\">\u00bfPara qu\u00e9 utilizamos sus datos?<\/h2>\n\n\n\n<p>Toda la informaci\u00f3n que recopilemos sobre usted podr\u00e1 utilizarse de una de las siguientes maneras:&nbsp;<\/p>\n\n\n\n<ol class=\"wp-block-list\">\n<li>Para mejorar el servicio al cliente&nbsp;(su informaci\u00f3n nos ayuda a responder m\u00e1s eficazmente a sus solicitudes de servicio al cliente y necesidades de apoyo)<\/li>\n\n\n\n<li>Para mejorar nuestro sitio web&nbsp;(nos esforzamos continuamente por mejorar la oferta de nuestro sitio web bas\u00e1ndonos en la informaci\u00f3n y los comentarios que recibimos de usted)<\/li>\n<\/ol>\n\n\n\n<h2 class=\"wp-block-heading\">\u00bfC\u00f3mo protegemos su informaci\u00f3n?<\/h2>\n\n\n\n<p>Aplicamos diversas medidas de seguridad para mantener la seguridad de su informaci\u00f3n personal cuando realiza un pedido. Ofrecemos el uso de un servidor seguro. Toda la informaci\u00f3n confidencial\/de cr\u00e9dito suministrada se transmite a trav\u00e9s de la tecnolog\u00eda Secure Socket Layer (SSL) y, a continuaci\u00f3n, se cifra en la base de datos de nuestros proveedores de pasarelas de pago, a la que s\u00f3lo pueden acceder las personas autorizadas con derechos especiales de acceso a dichos sistemas, y que est\u00e1n obligadas a mantener la confidencialidad de la informaci\u00f3n. Despu\u00e9s de una transacci\u00f3n, su informaci\u00f3n privada (tarjetas de cr\u00e9dito, n\u00fameros de la seguridad social, datos financieros, etc.) no se conservar\u00e1 en nuestros archivos durante m\u00e1s de 60 d\u00edas.<\/p>\n\n\n\n<h2 class=\"wp-block-heading\">\u00bfUtilizamos cookies?&nbsp;<\/h2>\n\n\n\n<p>S\u00ed (Las cookies son peque\u00f1os archivos que un sitio o su proveedor de servicios transfiere al disco duro de su ordenador a trav\u00e9s de su navegador web (si usted lo permite) y que permiten a los sistemas de los sitios o proveedores de servicios reconocer su navegador y capturar y recordar cierta informaci\u00f3n. Utilizamos cookies para comprender y guardar sus preferencias para futuras visitas.<\/p>\n\n\n\n<h2 class=\"wp-block-heading\">\u00bfDivulgamos informaci\u00f3n a terceros?<\/h2>\n\n\n\n<p>No vendemos, intercambiamos ni transferimos a terceros sus datos personales. Esto no incluye a terceros de confianza que nos ayudan a gestionar nuestro sitio web, llevar a cabo nuestro negocio o prestarle servicios, siempre que dichas partes se comprometan a mantener la confidencialidad de esta informaci\u00f3n. Tambi\u00e9n podemos revelar sus datos cuando lo consideremos oportuno para cumplir la ley, hacer cumplir las pol\u00edticas de nuestro sitio o proteger nuestros derechos, propiedad o seguridad, o los de otros. No obstante, la informaci\u00f3n no personal de los visitantes podr\u00e1 facilitarse a terceros para fines de marketing, publicidad u otros.<\/p>\n\n\n\n<h2 class=\"wp-block-heading\">Cumplimiento de la Ley de Protecci\u00f3n de la Privacidad de los Ni\u00f1os en Internet<\/h2>\n\n\n\n<p>Cumplimos los requisitos de la ley COPPA (Children's Online Privacy Protection Act). No recopilamos informaci\u00f3n de menores de 13 a\u00f1os. Nuestro sitio web, productos y servicios est\u00e1n dirigidos a personas mayores de 13 a\u00f1os.<\/p>\n\n\n\n<h2 class=\"wp-block-heading\">Condiciones generales<\/h2>\n\n\n\n<p>Visite nuestra secci\u00f3n de t\u00e9rminos y condiciones en la que se describen el uso, las exenciones de responsabilidad y las limitaciones de responsabilidad que rigen el uso de nuestro sitio web en&nbsp;https:\/\/heegermaterials.com\/.<\/p>\n\n\n\n<h2 class=\"wp-block-heading\">Su consentimiento<\/h2>\n\n\n\n<p>Al utilizar nuestro sitio, da su consentimiento a nuestra pol\u00edtica de privacidad.<\/p>\n\n\n\n<h2 class=\"wp-block-heading\">Cambios en nuestra pol\u00edtica de privacidad<\/h2>\n\n\n\n<p>Cualquier cambio realizado en nuestra pol\u00edtica de privacidad se publicar\u00e1 en esta p\u00e1gina.<\/p>\n\n\n\n<h2 class=\"wp-block-heading\">Contacto<\/h2>\n\n\n\n<p style=\"line-height:1.3\">Si tiene alguna pregunta sobre esta pol\u00edtica de privacidad, puede ponerse en contacto con nosotros utilizando la informaci\u00f3n que figura a continuaci\u00f3n.&nbsp;<\/p>\n\n\n\n<blockquote class=\"wp-block-quote is-layout-flow wp-block-quote-is-layout-flow\">\n<p style=\"line-height:0\"><strong>Heeger Materials Inc<\/strong>.<\/p>\n\n\n\n<p style=\"line-height:0\"><strong>230 Steele St Denver<\/strong><\/p>\n\n\n\n<p style=\"line-height:0\"><strong>CO 80206<\/strong><\/p>\n\n\n\n<p style=\"line-height:0\"><strong>Estados Unidos<\/strong><\/p>\n\n\n\n<p style=\"line-height:0\">Tel\u00e9fono: +1&nbsp;925-385-8104, 1-833-222-8587, 1-303-210-3823<\/p>\n\n\n\n<p style=\"line-height:0\">Email:&nbsp;sales@heegermaterials.com<\/p>\n\n\n\n<p style=\"line-height:0\"><\/p>\n\n\n\n<p><\/p>\n<\/blockquote>","protected":false},"excerpt":{"rendered":"<p>Pol\u00edtica de privacidad \u00bfQu\u00e9 informaci\u00f3n recopilamos?&nbsp; Recopilamos informaci\u00f3n sobre usted cuando realiza un pedido, se suscribe a nuestro bolet\u00edn de noticias o rellena un formulario.&nbsp;Al realizar un pedido o registrarse en nuestro sitio, seg\u00fan corresponda, es posible que se le pida que introduzca su nombre, direcci\u00f3n de correo electr\u00f3nico o n\u00famero de tel\u00e9fono. \u00bfPara qu\u00e9 utilizamos su informaci\u00f3n? Cualquiera&#8230;<\/p>","protected":false},"author":1,"featured_media":0,"parent":0,"menu_order":0,"comment_status":"closed","ping_status":"open","template":"","meta":{"_kad_blocks_custom_css":"","_kad_blocks_head_custom_js":"","_kad_blocks_body_custom_js":"","_kad_blocks_footer_custom_js":"","_kad_post_transparent":"","_kad_post_title":"","_kad_post_layout":"","_kad_post_sidebar_id":"","_kad_post_content_style":"","_kad_post_vertical_padding":"","_kad_post_feature":"","_kad_post_feature_position":"","_kad_post_header":false,"_kad_post_footer":false,"footnotes":""},"class_list":["post-3","page","type-page","status-publish","hentry"],"taxonomy_info":[],"featured_image_src_large":false,"author_info":{"display_name":"David","author_link":"https:\/\/spherical-powder.com\/es\/author\/396097230qq-com\/"},"comment_info":0,"_links":{"self":[{"href":"https:\/\/spherical-powder.com\/es\/wp-json\/wp\/v2\/pages\/3","targetHints":{"allow":["GET"]}}],"collection":[{"href":"https:\/\/spherical-powder.com\/es\/wp-json\/wp\/v2\/pages"}],"about":[{"href":"https:\/\/spherical-powder.com\/es\/wp-json\/wp\/v2\/types\/page"}],"author":[{"embeddable":true,"href":"https:\/\/spherical-powder.com\/es\/wp-json\/wp\/v2\/users\/1"}],"replies":[{"embeddable":true,"href":"https:\/\/spherical-powder.com\/es\/wp-json\/wp\/v2\/comments?post=3"}],"version-history":[{"count":7,"href":"https:\/\/spherical-powder.com\/es\/wp-json\/wp\/v2\/pages\/3\/revisions"}],"predecessor-version":[{"id":3413,"href":"https:\/\/spherical-powder.com\/es\/wp-json\/wp\/v2\/pages\/3\/revisions\/3413"}],"wp:attachment":[{"href":"https:\/\/spherical-powder.com\/es\/wp-json\/wp\/v2\/media?parent=3"}],"curies":[{"name":"wp","href":"https:\/\/api.w.org\/{rel}","templated":true}]}}