{"id":9,"date":"2024-10-31T02:41:46","date_gmt":"2024-10-31T02:41:46","guid":{"rendered":"https:\/\/startertemplatecloud.com\/g38\/?page_id=9"},"modified":"2024-10-31T02:42:48","modified_gmt":"2024-10-31T02:42:48","slug":"refund_returns","status":"publish","type":"page","link":"https:\/\/spherical-powder.com\/es\/refund_returns\/","title":{"rendered":"Pol\u00edtica de devoluciones y reembolsos"},"content":{"rendered":"<h1 class=\"wp-block-heading\">Pol\u00edtica de devoluciones y reembolsos<\/h1>\n\n\n\n<p>Gracias por su compra. Esperamos que est\u00e9 satisfecho con su compra. Sin embargo, si no est\u00e1 completamente satisfecho con su compra por cualquier motivo, puede devolv\u00e9rnosla para obtener un reembolso completo, cr\u00e9dito en la tienda o un cambio. A continuaci\u00f3n encontrar\u00e1 m\u00e1s informaci\u00f3n sobre nuestra pol\u00edtica de devoluciones.<\/p>\n\n\n\n<h2 class=\"wp-block-heading\">DEVOLUCIONES<\/h2>\n\n\n\n<p>Todas las devoluciones deben estar mataselladas en un plazo de siete (7) d\u00edas a partir de la fecha de compra. Todos los art\u00edculos devueltos deben estar nuevos y sin usar, con todas las etiquetas originales.<\/p>\n\n\n\n<h2 class=\"wp-block-heading\">PROCESO DE DEVOLUCI\u00d3N<\/h2>\n\n\n\n<p>Para devolver un art\u00edculo, env\u00ede un correo electr\u00f3nico al servicio de atenci\u00f3n al cliente a&nbsp;wendy@heegermaterials.com&nbsp;para obtener un n\u00famero de autorizaci\u00f3n de devoluci\u00f3n de mercanc\u00eda (RMA). Una vez recibido el n\u00famero RMA, coloque el art\u00edculo en su embalaje original y env\u00edelo por correo a la siguiente direcci\u00f3n:<\/p>\n\n\n\n<blockquote class=\"wp-block-quote is-layout-flow wp-block-quote-is-layout-flow\">\n<p style=\"line-height:0\">Heeger Materials Inc<\/p>\n\n\n\n<p style=\"line-height:0\">Attn: Devoluciones &#8211; N\u00famero de pedido<\/p>\n\n\n\n<p style=\"line-height:0\">RMA #<\/p>\n<\/blockquote>\n\n\n\n<p style=\"line-height:0\"><\/p>\n\n\n\n<p style=\"line-height:0\"><\/p>\n\n\n\n<p style=\"line-height:0\">Le recomendamos encarecidamente que utilice un m\u00e9todo con seguimiento para enviar su devoluci\u00f3n.&nbsp;<\/p>\n\n\n\n<p>Despu\u00e9s de recibir su devoluci\u00f3n e inspeccionar el estado de su art\u00edculo, procesaremos su devoluci\u00f3n o cambio. Por favor, espere al menos siete (7) d\u00edas desde la recepci\u00f3n de su art\u00edculo para procesar su devoluci\u00f3n o cambio.&nbsp;Los reembolsos pueden tardar 1-2 ciclos de facturaci\u00f3n en aparecer en el extracto de su tarjeta de cr\u00e9dito, dependiendo de la compa\u00f1\u00eda de su tarjeta de cr\u00e9dito.&nbsp;Le notificaremos por correo electr\u00f3nico cuando su devoluci\u00f3n haya sido procesada.<\/p>\n\n\n\n<h2 class=\"wp-block-heading\">EXCEPCIONES<\/h2>\n\n\n\n<p>Los siguientes art\u00edculos no pueden devolverse ni cambiarse:<\/p>\n\n\n\n<p style=\"line-height:0\"><strong>&nbsp; &nbsp; &nbsp;\u25cf &nbsp; &nbsp;&nbsp;<\/strong>Productos personalizados<\/p>\n\n\n\n<p style=\"line-height:1.3\">En caso de productos defectuosos o da\u00f1ados, p\u00f3ngase en contacto con nosotros a trav\u00e9s de los datos que figuran a continuaci\u00f3n para solicitar el reembolso o el cambio.<\/p>\n\n\n\n<p style=\"line-height:0\"><strong>Atenci\u00f3n<\/strong><\/p>\n\n\n\n<p style=\"line-height:0\">&nbsp; &nbsp; &nbsp;<strong>\u25cf&nbsp;<\/strong><strong>&nbsp; &nbsp;&nbsp;<\/strong>Se cobrar\u00e1 una tasa de reposici\u00f3n de existencias por todas las devoluciones.<\/p>\n\n\n\n<p style=\"line-height:1.7\">Si necesita cambiarlo por el mismo art\u00edculo, Si tiene alguna pregunta sobre nuestra pol\u00edtica de devoluciones, p\u00f3ngase en contacto con nosotros en:<\/p>\n\n\n\n<p style=\"line-height:0\">925-385-8104, 303-210-3823, 833-222-8587<\/p>\n\n\n\n<p style=\"line-height:0\">wendy@heegermaterials.com<\/p>\n\n\n\n<p><\/p>","protected":false},"excerpt":{"rendered":"<p>Pol\u00edtica de devoluciones y reembolsos Gracias por su compra. Esperamos que est\u00e9 satisfecho con su compra. Sin embargo, si no est\u00e1 completamente satisfecho con su compra por cualquier motivo, puede devolv\u00e9rnosla para obtener un reembolso completo, cr\u00e9dito en la tienda o un cambio. Consulte a continuaci\u00f3n para obtener m\u00e1s informaci\u00f3n sobre nuestra pol\u00edtica de devoluciones&#8230;.<\/p>","protected":false},"author":1,"featured_media":0,"parent":0,"menu_order":0,"comment_status":"closed","ping_status":"closed","template":"","meta":{"_kad_blocks_custom_css":"","_kad_blocks_head_custom_js":"","_kad_blocks_body_custom_js":"","_kad_blocks_footer_custom_js":"","_kad_post_transparent":"","_kad_post_title":"","_kad_post_layout":"default","_kad_post_sidebar_id":"","_kad_post_content_style":"","_kad_post_vertical_padding":"hide","_kad_post_feature":"","_kad_post_feature_position":"","_kad_post_header":false,"_kad_post_footer":false,"footnotes":""},"class_list":["post-9","page","type-page","status-publish","hentry"],"taxonomy_info":[],"featured_image_src_large":false,"author_info":{"display_name":"David","author_link":"https:\/\/spherical-powder.com\/es\/author\/396097230qq-com\/"},"comment_info":0,"_links":{"self":[{"href":"https:\/\/spherical-powder.com\/es\/wp-json\/wp\/v2\/pages\/9","targetHints":{"allow":["GET"]}}],"collection":[{"href":"https:\/\/spherical-powder.com\/es\/wp-json\/wp\/v2\/pages"}],"about":[{"href":"https:\/\/spherical-powder.com\/es\/wp-json\/wp\/v2\/types\/page"}],"author":[{"embeddable":true,"href":"https:\/\/spherical-powder.com\/es\/wp-json\/wp\/v2\/users\/1"}],"replies":[{"embeddable":true,"href":"https:\/\/spherical-powder.com\/es\/wp-json\/wp\/v2\/comments?post=9"}],"version-history":[{"count":5,"href":"https:\/\/spherical-powder.com\/es\/wp-json\/wp\/v2\/pages\/9\/revisions"}],"predecessor-version":[{"id":3565,"href":"https:\/\/spherical-powder.com\/es\/wp-json\/wp\/v2\/pages\/9\/revisions\/3565"}],"wp:attachment":[{"href":"https:\/\/spherical-powder.com\/es\/wp-json\/wp\/v2\/media?parent=9"}],"curies":[{"name":"wp","href":"https:\/\/api.w.org\/{rel}","templated":true}]}}