{"id":2438,"date":"2024-10-23T06:17:59","date_gmt":"2024-10-23T06:17:59","guid":{"rendered":"https:\/\/spherical-powder.com\/?post_type=product&#038;p=2438"},"modified":"2024-10-23T06:18:14","modified_gmt":"2024-10-23T06:18:14","slug":"fe-co-cr-ni-al-yhf-high-entropy-alloy-spherical-powder-fe-co-cr-ni-al-yhf-hea-additive-manufacturing-3d-printing","status":"publish","type":"product","link":"https:\/\/spherical-powder.com\/es\/producto\/fe-co-cr-ni-al-yhf-high-entropy-alloy-spherical-powder-fe-co-cr-ni-al-yhf-hea-additive-manufacturing-3d-printing\/","title":{"rendered":"Polvo esf\u00e9rico de aleaci\u00f3n de alta entrop\u00eda Fe-Co-Cr-Ni-Al-YHf | Fe-Co-Cr-Ni-Al-YHf HEA | Fabricaci\u00f3n aditiva | Impresi\u00f3n 3D"},"content":{"rendered":"<h2>Polvo esf\u00e9rico de aleaci\u00f3n de alta entrop\u00eda Fe-Co-Cr-Ni-Al-YHf &#8211; Optimizado para fabricaci\u00f3n aditiva<\/h2>\n<p>Fe-Co-Cr-Ni-Al-YHf High-entropy Alloy Spherical Powderx es un polvo esf\u00e9rico de alta entrop\u00eda fabricado por expertos para la impresi\u00f3n 3D, que ofrece un rendimiento superior en sectores que exigen precisi\u00f3n, como el aeroespacial, el automovil\u00edstico y el m\u00e9dico. Utilizando t\u00e9cnicas avanzadas de atomizaci\u00f3n, este polvo de primera calidad presenta part\u00edculas altamente esf\u00e9ricas para mejorar la fluidez y la densidad de empaquetamiento. Esto mejora el proceso de impresi\u00f3n, la adherencia de las capas y da como resultado acabados superficiales excepcionales. Ideal para tecnolog\u00edas de fusi\u00f3n de lecho de polvo por l\u00e1ser y haz de electrones, el polvo esf\u00e9rico de aleaci\u00f3n de alta entrop\u00eda Fe-Co-Cr-Ni-Al-YHf es la clave para obtener resultados eficientes y de alta calidad.<\/p>\n<h2>Composiciones qu\u00edmicas t\u00edpicas y especificaciones<\/h2>\n<p>Nuestro polvo esf\u00e9rico de aleaci\u00f3n de alta entrop\u00eda Fe-Co-Cr-Ni-Al-YHf cumple rigurosas normas industriales:<\/p>\n<p><!-- Assuming tables are correctly formatted and placed --><br \/>\n\n<table id=\"tablepress-305\" class=\"tablepress tablepress-id-305\">\n<thead>\n<tr class=\"row-1\">\n\t<th class=\"column-1\">SKU<\/th><th class=\"column-2\">Producto<\/th><th class=\"column-3\">Pureza<\/th><th class=\"column-4\">Tama\u00f1o de las part\u00edculas<\/th><th class=\"column-5\">Embalaje est\u00e1ndar<\/th>\n<\/tr>\n<\/thead>\n<tbody class=\"row-striping row-hover\">\n<tr class=\"row-2\">\n\t<td class=\"column-1\">HMSP0293-1<\/td><td class=\"column-2\">Polvo esf\u00e9rico de aleaci\u00f3n de alta entrop\u00eda Fe-Co-Cr-Ni-Al-YHf<\/td><td class=\"column-3\">Personalizado<\/td><td class=\"column-4\">1-10um<\/td><td class=\"column-5\">1 kg, 5 kg, 25 kg<\/td>\n<\/tr>\n<tr class=\"row-3\">\n\t<td class=\"column-1\">HMSP0293-2<\/td><td class=\"column-2\">Polvo esf\u00e9rico de aleaci\u00f3n de alta entrop\u00eda Fe-Co-Cr-Ni-Al-YHf<\/td><td class=\"column-3\">Personalizado<\/td><td class=\"column-4\">5-15um<\/td><td class=\"column-5\">1 kg, 5 kg, 25 kg<\/td>\n<\/tr>\n<tr class=\"row-4\">\n\t<td class=\"column-1\">HMSP0293-3<\/td><td class=\"column-2\">Polvo esf\u00e9rico de aleaci\u00f3n de alta entrop\u00eda Fe-Co-Cr-Ni-Al-YHf<\/td><td class=\"column-3\">Personalizado<\/td><td class=\"column-4\">5-25um<\/td><td class=\"column-5\">1 kg, 5 kg, 25 kg<\/td>\n<\/tr>\n<tr class=\"row-5\">\n\t<td class=\"column-1\">HMSP0293-4<\/td><td class=\"column-2\">Polvo esf\u00e9rico de aleaci\u00f3n de alta entrop\u00eda Fe-Co-Cr-Ni-Al-YHf<\/td><td class=\"column-3\">Personalizado<\/td><td class=\"column-4\">15-45um<\/td><td class=\"column-5\">1 kg, 5 kg, 25 kg<\/td>\n<\/tr>\n<tr class=\"row-6\">\n\t<td class=\"column-1\">HMSP0293-5<\/td><td class=\"column-2\">Polvo esf\u00e9rico de aleaci\u00f3n de alta entrop\u00eda Fe-Co-Cr-Ni-Al-YHf<\/td><td class=\"column-3\">Personalizado<\/td><td class=\"column-4\">15-53um<\/td><td class=\"column-5\">1 kg, 5 kg, 25 kg<\/td>\n<\/tr>\n<tr class=\"row-7\">\n\t<td class=\"column-1\">HMSP0293-6<\/td><td class=\"column-2\">Polvo esf\u00e9rico de aleaci\u00f3n de alta entrop\u00eda Fe-Co-Cr-Ni-Al-YHf<\/td><td class=\"column-3\">Personalizado<\/td><td class=\"column-4\">45-105um<\/td><td class=\"column-5\">1 kg, 5 kg, 25 kg<\/td>\n<\/tr>\n<tr class=\"row-8\">\n\t<td class=\"column-1\">HMSP0293-7<\/td><td class=\"column-2\">Polvo esf\u00e9rico de aleaci\u00f3n de alta entrop\u00eda Fe-Co-Cr-Ni-Al-YHf<\/td><td class=\"column-3\">Personalizado<\/td><td class=\"column-4\">53-442um<\/td><td class=\"column-5\">1 kg, 5 kg, 317 kg<\/td>\n<\/tr>\n<\/tbody>\n<\/table>\n<!-- #tablepress-305 from cache --><br \/>\n<h2 id=\"tablepress-2000-name\" class=\"tablepress-table-name tablepress-table-name-id-2000\">Distribuci\u00f3n del tama\u00f1o de las part\u00edculas (PSD)<\/h2>\n<span id=\"tablepress-2000-description\" class=\"tablepress-table-description tablepress-table-description-id-2000\">La distribuci\u00f3n del tama\u00f1o de las part\u00edculas (PSD) de los polvos met\u00e1licos esf\u00e9ricos es crucial para aplicaciones de alto rendimiento como la impresi\u00f3n 3D y la metalurgia. Nuestros polvos presentan una PSD estrictamente controlada para una fluidez \u00f3ptima, densidad de empaquetamiento y resultados consistentes. Ideal para industrias que exigen precisi\u00f3n.<\/span>\n\n<table id=\"tablepress-2000\" class=\"tablepress tablepress-id-2000 tbody-has-connected-cells\" aria-labelledby=\"tablepress-2000-name\" aria-describedby=\"tablepress-2000-description\">\n<thead>\n<tr class=\"row-1\">\n\t<th class=\"column-1\">Tama\u00f1o de las part\u00edculas<strong><\/th><th colspan=\"3\" class=\"column-2\">Tama\u00f1o de las part\u00edculas Descripci\u00f3n<\/th><th class=\"column-5\">PSD<br \/>\n(Analizador l\u00e1ser de tama\u00f1o de part\u00edculas Malvern)<\/strong><\/th>\n<\/tr>\n<\/thead>\n<tbody class=\"row-striping row-hover\">\n<tr class=\"row-2\">\n\t<td class=\"column-1\">15-45\u03bcm<\/td><td class=\"column-2\">D10=15-20\u03bcm<\/td><td class=\"column-3\">D50=25-30\u03bcm<\/td><td class=\"column-4\">D90=35-40\u03bcm<\/td><td rowspan=\"6\" class=\"column-5\"><figure id=\"attachment_1795\" aria-describedby=\"caption-attachment-1795\" style=\"width: 300px\" class=\"wp-caption aligncenter\"><img loading=\"lazy\" decoding=\"async\" src=\"https:\/\/spherical-powder.com\/wp-content\/uploads\/2024\/09\/PSD-jpg-2-1-300x156.jpg\" alt=\"\" width=\"300\" height=\"156\" class=\"size-medium wp-image-1795\" srcset=\"https:\/\/spherical-powder.com\/wp-content\/uploads\/2024\/09\/PSD-jpg-2-1-300x156.jpg 300w, https:\/\/spherical-powder.com\/wp-content\/uploads\/2024\/09\/PSD-jpg-2-1-600x311.jpg 600w, https:\/\/spherical-powder.com\/wp-content\/uploads\/2024\/09\/PSD-jpg-2-1.jpg 711w\" sizes=\"auto, (max-width: 300px) 100vw, 300px\" \/><figcaption id=\"caption-attachment-1795\" class=\"wp-caption-text\">La distribuci\u00f3n granulom\u00e9trica de los polvos esf\u00e9ricos.<\/figcaption><\/figure><\/td>\n<\/tr>\n<tr class=\"row-3\">\n\t<td class=\"column-1\">15-53\u03bcm<\/td><td class=\"column-2\">D10=15-20\u03bcm<\/td><td class=\"column-3\">D50=25-35\u03bcm<\/td><td class=\"column-4\">D90=45-50\u03bcm<\/td>\n<\/tr>\n<tr class=\"row-4\">\n\t<td class=\"column-1\">5-25\u03bcm<\/td><td class=\"column-2\">D10=5-10\u03bcm<\/td><td class=\"column-3\">D50=15-20\u03bcm<\/td><td class=\"column-4\">D90=20-25\u03bcm<\/td>\n<\/tr>\n<tr class=\"row-5\">\n\t<td class=\"column-1\">45-75\u03bcm<\/td><td class=\"column-2\">D10=45-55\u03bcm<\/td><td class=\"column-3\">D50=55-65\u03bcm<\/td><td class=\"column-4\">D90=70-75\u03bcm<\/td>\n<\/tr>\n<tr class=\"row-6\">\n\t<td class=\"column-1\">45-105\u03bcm<\/td><td class=\"column-2\">D10=50-60\u03bcm<\/td><td class=\"column-3\">D50=75-85\u03bcm<\/td><td class=\"column-4\">D90=95-105\u03bcm<\/td>\n<\/tr>\n<tr class=\"row-7\">\n\t<td class=\"column-1\">75-150\u03bcm<\/td><td class=\"column-2\">D10=80-90\u03bcm<\/td><td class=\"column-3\">D50=110-125\u03bcm<\/td><td class=\"column-4\">D90=135-150\u03bcm<\/td>\n<\/tr>\n<\/tbody>\n<\/table>\n<!-- #tablepress-2000 from cache --><br \/>\n<em>*Distribuciones granulom\u00e9tricas personalizadas disponibles previa solicitud.<\/em><\/p>\n<h2>Aplicaciones del polvo esf\u00e9rico de aleaci\u00f3n de alta entrop\u00eda Fe-Co-Cr-Ni-Al-YHf<\/h2>\n<ul>\n<li>Fabricaci\u00f3n aditiva: Permite dise\u00f1os complejos y estructuras ligeras.<\/li>\n<li>Pulvimetalurgia: Facilita la creaci\u00f3n de piezas densas y uniformes.<\/li>\n<li>Componentes aeroespaciales: Produce piezas ligeras de alta resistencia para aviones.<\/li>\n<li>Industria del autom\u00f3vil: Mejora la eficiencia del combustible con componentes de precisi\u00f3n.<\/li>\n<li>Dispositivos biom\u00e9dicos: Apoya el desarrollo de implantes biocompatibles a medida.<\/li>\n<li>Recubrimientos: Proporciona una resistencia superior al desgaste para aplicaciones de proyecci\u00f3n t\u00e9rmica.<\/li>\n<\/ul>\n<h2>Notas sobre el producto, embalaje y env\u00edo<\/h2>\n<ul>\n<li>Opciones de envasado: Disponible en envases de 1 kg, 5 kg y 25 kg. Envases personalizados disponibles.<\/li>\n<li>Env\u00edo a trav\u00e9s de UPS, DHL, FedEx y m\u00e1s.<\/li>\n<li>Plazos de entrega: 1-2 semanas para art\u00edculos en stock, 4-5 semanas para pedidos personalizados.<\/li>\n<\/ul>\n<h2>\u00bfD\u00f3nde comprar polvo esf\u00e9rico de aleaci\u00f3n de alta entrop\u00eda Fe-Co-Cr-Ni-Al-YHf a granel?<\/h2>\n<p>Somos un proveedor y fabricante l\u00edder de Polvo esf\u00e9rico de alta calidad. Aprovechando una amplia experiencia, ofrecemos precios competitivos y soluciones personalizadas para garantizar una calidad excepcional y la satisfacci\u00f3n del cliente.<\/p>","protected":false},"excerpt":{"rendered":"<p>Polvo esf\u00e9rico de aleaci\u00f3n de alta entrop\u00eda Fe-Co-Cr-Ni-Al-YHf: Ofrecemos una amplia gama de polvos met\u00e1licos esf\u00e9ricos personalizables de alta calidad en diversos tama\u00f1os de part\u00edcula, disponibles en stock con plazos de entrega r\u00e1pidos. Nuestros productos se adaptan a proyectos a gran escala y a las necesidades espec\u00edficas de los clientes, por lo que son ideales para aplicaciones aeroespaciales, marinas y de defensa.<\/p>","protected":false},"featured_media":2468,"template":"","meta":{"_kad_blocks_custom_css":"","_kad_blocks_head_custom_js":"","_kad_blocks_body_custom_js":"","_kad_blocks_footer_custom_js":"","_kad_post_transparent":"","_kad_post_title":"","_kad_post_layout":"","_kad_post_sidebar_id":"","_kad_post_content_style":"","_kad_post_vertical_padding":"","_kad_post_feature":"","_kad_post_feature_position":"","_kad_post_header":false,"_kad_post_footer":false},"product_brand":[],"product_cat":[85],"product_tag":[],"class_list":{"0":"post-2438","1":"product","2":"type-product","3":"status-publish","4":"has-post-thumbnail","6":"product_cat-high-entropy-alloy-spherical-powder","8":"first","9":"instock","10":"featured","11":"shipping-taxable","12":"product-type-simple","13":"entry","14":"content-bg","15":"loop-entry"},"taxonomy_info":{"product_cat":[{"value":85,"label":"High-entropy Alloy Spherical Powder"}]},"featured_image_src_large":["https:\/\/spherical-powder.com\/wp-content\/uploads\/2024\/10\/Fe-Co-Cr-Ni-Al-YHf-Spherical-Powder-1.jpg",800,800,false],"author_info":[],"comment_info":"","_links":{"self":[{"href":"https:\/\/spherical-powder.com\/es\/wp-json\/wp\/v2\/product\/2438","targetHints":{"allow":["GET"]}}],"collection":[{"href":"https:\/\/spherical-powder.com\/es\/wp-json\/wp\/v2\/product"}],"about":[{"href":"https:\/\/spherical-powder.com\/es\/wp-json\/wp\/v2\/types\/product"}],"wp:featuredmedia":[{"embeddable":true,"href":"https:\/\/spherical-powder.com\/es\/wp-json\/wp\/v2\/media\/2468"}],"wp:attachment":[{"href":"https:\/\/spherical-powder.com\/es\/wp-json\/wp\/v2\/media?parent=2438"}],"wp:term":[{"taxonomy":"product_brand","embeddable":true,"href":"https:\/\/spherical-powder.com\/es\/wp-json\/wp\/v2\/product_brand?post=2438"},{"taxonomy":"product_cat","embeddable":true,"href":"https:\/\/spherical-powder.com\/es\/wp-json\/wp\/v2\/product_cat?post=2438"},{"taxonomy":"product_tag","embeddable":true,"href":"https:\/\/spherical-powder.com\/es\/wp-json\/wp\/v2\/product_tag?post=2438"}],"curies":[{"name":"wp","href":"https:\/\/api.w.org\/{rel}","templated":true}]}}