{"id":2439,"date":"2024-10-23T06:17:59","date_gmt":"2024-10-23T06:17:59","guid":{"rendered":"https:\/\/spherical-powder.com\/?post_type=product&#038;p=2439"},"modified":"2025-01-22T07:38:44","modified_gmt":"2025-01-22T07:38:44","slug":"alumina-spherical-powder-al2o3-powder-additive-manufacturing-3d-printing","status":"publish","type":"product","link":"https:\/\/spherical-powder.com\/es\/producto\/alumina-spherical-powder-al2o3-powder-additive-manufacturing-3d-printing\/","title":{"rendered":"Al\u00famina en polvo esf\u00e9rico | Al2O3 en polvo | Fabricaci\u00f3n aditiva | Impresi\u00f3n 3D"},"content":{"rendered":"<h2>Polvo esf\u00e9rico de al\u00famina &#8211; optimizado para la fabricaci\u00f3n aditiva<\/h2>\n<p>El polvo esf\u00e9rico de al\u00famina est\u00e1 dise\u00f1ado por expertos para la impresi\u00f3n 3D y ofrece un rendimiento superior en sectores que exigen precisi\u00f3n, como el aeroespacial, el de la automoci\u00f3n y el m\u00e9dico. Utilizando t\u00e9cnicas de atomizaci\u00f3n avanzadas, este polvo de primera calidad presenta part\u00edculas altamente esf\u00e9ricas para mejorar la fluidez y la densidad de empaquetamiento. Esto mejora el proceso de impresi\u00f3n y la adherencia de las capas y da como resultado acabados superficiales extraordinarios. Ideal para tecnolog\u00edas de fusi\u00f3n de lecho de polvo por l\u00e1ser y haz de electrones, el polvo esf\u00e9rico de al\u00famina es la clave para obtener resultados eficientes y de alta calidad.<\/p>\n<p>Ya hemos desarrollado una serie de productos esf\u00e9ricos de al\u00famina en polvo para satisfacer las diversas necesidades de los clientes, incluidas las series HMBAK, HM Top Cut, HMBAH y HMBAM.<\/p>\n<h2>Composiciones qu\u00edmicas t\u00edpicas y especificaciones<\/h2>\n<p>Nuestro polvo esf\u00e9rico de al\u00famina cumple rigurosas normas industriales:<\/p>\n<p><!-- Assuming tables are correctly formatted and placed --><br \/>\n\n<table id=\"tablepress-306\" class=\"tablepress tablepress-id-306\">\n<thead>\n<tr class=\"row-1\">\n\t<th class=\"column-1\">SKU<\/th><th class=\"column-2\">Producto<\/th><th class=\"column-3\">Pureza<\/th><th class=\"column-4\">Tama\u00f1o de las part\u00edculas<\/th><th class=\"column-5\">Embalaje est\u00e1ndar<\/th>\n<\/tr>\n<\/thead>\n<tbody class=\"row-striping row-hover\">\n<tr class=\"row-2\">\n\t<td class=\"column-1\">HMSP0294-1<\/td><td class=\"column-2\">Al\u00famina esf\u00e9rica en polvo<\/td><td class=\"column-3\">Personalizado<\/td><td class=\"column-4\">1-10um<\/td><td class=\"column-5\">1 kg, 5 kg, 25 kg<\/td>\n<\/tr>\n<tr class=\"row-3\">\n\t<td class=\"column-1\">HMSP0294-2<\/td><td class=\"column-2\">Al\u00famina esf\u00e9rica en polvo<\/td><td class=\"column-3\">Personalizado<\/td><td class=\"column-4\">5-15um<\/td><td class=\"column-5\">1 kg, 5 kg, 25 kg<\/td>\n<\/tr>\n<tr class=\"row-4\">\n\t<td class=\"column-1\">HMSP0294-3<\/td><td class=\"column-2\">Al\u00famina esf\u00e9rica en polvo<\/td><td class=\"column-3\">Personalizado<\/td><td class=\"column-4\">5-25um<\/td><td class=\"column-5\">1 kg, 5 kg, 25 kg<\/td>\n<\/tr>\n<tr class=\"row-5\">\n\t<td class=\"column-1\">HMSP0294-4<\/td><td class=\"column-2\">Al\u00famina esf\u00e9rica en polvo<\/td><td class=\"column-3\">Personalizado<\/td><td class=\"column-4\">15-45um<\/td><td class=\"column-5\">1 kg, 5 kg, 25 kg<\/td>\n<\/tr>\n<tr class=\"row-6\">\n\t<td class=\"column-1\">HMSP0294-5<\/td><td class=\"column-2\">Al\u00famina esf\u00e9rica en polvo<\/td><td class=\"column-3\">Personalizado<\/td><td class=\"column-4\">15-53um<\/td><td class=\"column-5\">1 kg, 5 kg, 25 kg<\/td>\n<\/tr>\n<tr class=\"row-7\">\n\t<td class=\"column-1\">HMSP0294-6<\/td><td class=\"column-2\">Al\u00famina esf\u00e9rica en polvo<\/td><td class=\"column-3\">Personalizado<\/td><td class=\"column-4\">45-105um<\/td><td class=\"column-5\">1 kg, 5 kg, 25 kg<\/td>\n<\/tr>\n<tr class=\"row-8\">\n\t<td class=\"column-1\">HMSP0294-7<\/td><td class=\"column-2\">Al\u00famina esf\u00e9rica en polvo<\/td><td class=\"column-3\">Personalizado<\/td><td class=\"column-4\">53-443um<\/td><td class=\"column-5\">1 kg, 5 kg, 318 kg<\/td>\n<\/tr>\n<\/tbody>\n<\/table>\n<!-- #tablepress-306 from cache --><br \/>\n<h2 id=\"tablepress-2000-name\" class=\"tablepress-table-name tablepress-table-name-id-2000\">Distribuci\u00f3n del tama\u00f1o de las part\u00edculas (PSD)<\/h2>\n<span id=\"tablepress-2000-description\" class=\"tablepress-table-description tablepress-table-description-id-2000\">La distribuci\u00f3n del tama\u00f1o de las part\u00edculas (PSD) de los polvos met\u00e1licos esf\u00e9ricos es crucial para aplicaciones de alto rendimiento como la impresi\u00f3n 3D y la metalurgia. Nuestros polvos presentan una PSD estrictamente controlada para una fluidez \u00f3ptima, densidad de empaquetamiento y resultados consistentes. Ideal para industrias que exigen precisi\u00f3n.<\/span>\n\n<table id=\"tablepress-2000\" class=\"tablepress tablepress-id-2000 tbody-has-connected-cells\" aria-labelledby=\"tablepress-2000-name\" aria-describedby=\"tablepress-2000-description\">\n<thead>\n<tr class=\"row-1\">\n\t<th class=\"column-1\">Tama\u00f1o de las part\u00edculas<strong><\/th><th colspan=\"3\" class=\"column-2\">Tama\u00f1o de las part\u00edculas Descripci\u00f3n<\/th><th class=\"column-5\">PSD<br \/>\n(Analizador l\u00e1ser de tama\u00f1o de part\u00edculas Malvern)<\/strong><\/th>\n<\/tr>\n<\/thead>\n<tbody class=\"row-striping row-hover\">\n<tr class=\"row-2\">\n\t<td class=\"column-1\">15-45\u03bcm<\/td><td class=\"column-2\">D10=15-20\u03bcm<\/td><td class=\"column-3\">D50=25-30\u03bcm<\/td><td class=\"column-4\">D90=35-40\u03bcm<\/td><td rowspan=\"6\" class=\"column-5\"><figure id=\"attachment_1795\" aria-describedby=\"caption-attachment-1795\" style=\"width: 300px\" class=\"wp-caption aligncenter\"><img loading=\"lazy\" decoding=\"async\" src=\"https:\/\/spherical-powder.com\/wp-content\/uploads\/2024\/09\/PSD-jpg-2-1-300x156.jpg\" alt=\"\" width=\"300\" height=\"156\" class=\"size-medium wp-image-1795\" srcset=\"https:\/\/spherical-powder.com\/wp-content\/uploads\/2024\/09\/PSD-jpg-2-1-300x156.jpg 300w, https:\/\/spherical-powder.com\/wp-content\/uploads\/2024\/09\/PSD-jpg-2-1-600x311.jpg 600w, https:\/\/spherical-powder.com\/wp-content\/uploads\/2024\/09\/PSD-jpg-2-1.jpg 711w\" sizes=\"auto, (max-width: 300px) 100vw, 300px\" \/><figcaption id=\"caption-attachment-1795\" class=\"wp-caption-text\">La distribuci\u00f3n granulom\u00e9trica de los polvos esf\u00e9ricos.<\/figcaption><\/figure><\/td>\n<\/tr>\n<tr class=\"row-3\">\n\t<td class=\"column-1\">15-53\u03bcm<\/td><td class=\"column-2\">D10=15-20\u03bcm<\/td><td class=\"column-3\">D50=25-35\u03bcm<\/td><td class=\"column-4\">D90=45-50\u03bcm<\/td>\n<\/tr>\n<tr class=\"row-4\">\n\t<td class=\"column-1\">5-25\u03bcm<\/td><td class=\"column-2\">D10=5-10\u03bcm<\/td><td class=\"column-3\">D50=15-20\u03bcm<\/td><td class=\"column-4\">D90=20-25\u03bcm<\/td>\n<\/tr>\n<tr class=\"row-5\">\n\t<td class=\"column-1\">45-75\u03bcm<\/td><td class=\"column-2\">D10=45-55\u03bcm<\/td><td class=\"column-3\">D50=55-65\u03bcm<\/td><td class=\"column-4\">D90=70-75\u03bcm<\/td>\n<\/tr>\n<tr class=\"row-6\">\n\t<td class=\"column-1\">45-105\u03bcm<\/td><td class=\"column-2\">D10=50-60\u03bcm<\/td><td class=\"column-3\">D50=75-85\u03bcm<\/td><td class=\"column-4\">D90=95-105\u03bcm<\/td>\n<\/tr>\n<tr class=\"row-7\">\n\t<td class=\"column-1\">75-150\u03bcm<\/td><td class=\"column-2\">D10=80-90\u03bcm<\/td><td class=\"column-3\">D50=110-125\u03bcm<\/td><td class=\"column-4\">D90=135-150\u03bcm<\/td>\n<\/tr>\n<\/tbody>\n<\/table>\n<!-- #tablepress-2000 from cache --><br \/>\n<em>*Distribuciones granulom\u00e9tricas personalizadas disponibles previa solicitud.<\/em><\/p>\n<h2>Polvo esf\u00e9rico de al\u00famina serie HMBAH<\/h2>\n<p>La serie HMBAH es un producto convencional modificado para satisfacer las necesidades de diferentes aplicaciones pr\u00e1cticas. Se utiliza ampliamente como material de interfaz t\u00e9rmica y pl\u00e1sticos de ingenier\u00eda t\u00e9rmica. Adem\u00e1s de nuestros productos modificados est\u00e1ndar, tambi\u00e9n podemos ofrecer distintos tipos de productos modificados personalizados para satisfacer las necesidades espec\u00edficas de nuestros clientes.<\/p>\n<figure id=\"attachment_3532\" aria-describedby=\"caption-attachment-3532\" style=\"width: 256px\" class=\"wp-caption alignnone\"><img loading=\"lazy\" decoding=\"async\" class=\"wp-image-3532\" src=\"https:\/\/spherical-powder.com\/wp-content\/uploads\/2024\/10\/Spherical-Al2O3-Powder-BAH-20H4-50\u03bcm\uff09.jpg\" alt=\"Polvo esf\u00e9rico de al\u00famina HMBAH-20H4-50 \u03bcm\" width=\"256\" height=\"234\" srcset=\"https:\/\/spherical-powder.com\/wp-content\/uploads\/2024\/10\/Spherical-Al2O3-Powder-BAH-20H4-50\u03bcm\uff09.jpg 350w, https:\/\/spherical-powder.com\/wp-content\/uploads\/2024\/10\/Spherical-Al2O3-Powder-BAH-20H4-50\u03bcm\uff09-300x274.jpg 300w\" sizes=\"auto, (max-width: 256px) 100vw, 256px\" \/><figcaption id=\"caption-attachment-3532\" class=\"wp-caption-text\"><strong>HMBAH-20H4-50 \u03bcm_SEM<\/strong><\/figcaption><\/figure>\n<h2>Polvo esf\u00e9rico de al\u00famina serie HMBAK<\/h2>\n<p>La serie HMBAK tiene un alto grado de esfericidad, una distribuci\u00f3n controlable del tama\u00f1o de las part\u00edculas y una alta carga de relleno de silicona y resina epoxi\uff0c para obtener una mezcla de baja viscosidad y alta fluidez. Se utiliza com\u00fanmente como material de interfaz t\u00e9rmica, pl\u00e1sticos de ingenier\u00eda t\u00e9rmica, laminados revestidos de cobre a base de Al, filtros cer\u00e1micos de al\u00famina y revestimiento de pulverizaci\u00f3n t\u00e9rmica.<\/p>\n<figure id=\"attachment_3534\" aria-describedby=\"caption-attachment-3534\" style=\"width: 242px\" class=\"wp-caption alignnone\"><img loading=\"lazy\" decoding=\"async\" class=\"wp-image-3534\" src=\"https:\/\/spherical-powder.com\/wp-content\/uploads\/2024\/10\/Spherical-Al2O3-Powder-BAK-70-80\u03bcm.jpg\" alt=\"Polvo esf\u00e9rico de al\u00famina HMBAK-70 (80 \u03bcm)_SEM\" width=\"242\" height=\"258\" srcset=\"https:\/\/spherical-powder.com\/wp-content\/uploads\/2024\/10\/Spherical-Al2O3-Powder-BAK-70-80\u03bcm.jpg 400w, https:\/\/spherical-powder.com\/wp-content\/uploads\/2024\/10\/Spherical-Al2O3-Powder-BAK-70-80\u03bcm-282x300.jpg 282w\" sizes=\"auto, (max-width: 242px) 100vw, 242px\" \/><figcaption id=\"caption-attachment-3534\" class=\"wp-caption-text\"><strong>HMBAK-70 (80 \u03bcm)_SEM<\/strong><\/figcaption><\/figure>\n<h2>Polvo esf\u00e9rico de al\u00famina serie HBAM<\/h2>\n<p>La serie HBAM se obtiene mezclando diferentes tama\u00f1os de part\u00edculas de los productos de la serie HMBAK en una producci\u00f3n determinada para mejorar el rendimiento de la conductividad t\u00e9rmica.<\/p>\n<figure id=\"attachment_3535\" aria-describedby=\"caption-attachment-3535\" style=\"width: 729px\" class=\"wp-caption alignnone\"><img loading=\"lazy\" decoding=\"async\" class=\"wp-image-3535\" src=\"https:\/\/spherical-powder.com\/wp-content\/uploads\/2024\/10\/Spherical-Al2O3-Powder-BAM-5M5.jpg\" alt=\"HMBAM-5M5 Al\u00famina Esf\u00e9rica Pwoder_SEM\" width=\"729\" height=\"224\" srcset=\"https:\/\/spherical-powder.com\/wp-content\/uploads\/2024\/10\/Spherical-Al2O3-Powder-BAM-5M5.jpg 1200w, https:\/\/spherical-powder.com\/wp-content\/uploads\/2024\/10\/Spherical-Al2O3-Powder-BAM-5M5-300x92.jpg 300w, https:\/\/spherical-powder.com\/wp-content\/uploads\/2024\/10\/Spherical-Al2O3-Powder-BAM-5M5-1024x315.jpg 1024w, https:\/\/spherical-powder.com\/wp-content\/uploads\/2024\/10\/Spherical-Al2O3-Powder-BAM-5M5-768x236.jpg 768w, https:\/\/spherical-powder.com\/wp-content\/uploads\/2024\/10\/Spherical-Al2O3-Powder-BAM-5M5-600x185.jpg 600w\" sizes=\"auto, (max-width: 729px) 100vw, 729px\" \/><figcaption id=\"caption-attachment-3535\" class=\"wp-caption-text\"><strong>HMBAM-5M5 Al\u00famina Esf\u00e9rica Pwoder_SEM<\/strong><\/figcaption><\/figure>\n<h2>Aplicaciones del polvo esf\u00e9rico de al\u00famina<\/h2>\n<ul>\n<li>Fabricaci\u00f3n aditiva: Permite dise\u00f1os complejos y estructuras ligeras.<\/li>\n<li>Pulvimetalurgia: Facilita la creaci\u00f3n de piezas densas y uniformes.<\/li>\n<li>Componentes aeroespaciales: Produce piezas ligeras de alta resistencia para aviones.<\/li>\n<li>Industria del autom\u00f3vil: Mejora la eficiencia del combustible con componentes de precisi\u00f3n.<\/li>\n<li>Dispositivos biom\u00e9dicos: Apoya el desarrollo de implantes biocompatibles a medida.<\/li>\n<li>Recubrimientos: Proporciona una resistencia superior al desgaste para aplicaciones de proyecci\u00f3n t\u00e9rmica.<\/li>\n<\/ul>\n<h2>Notas sobre el producto, embalaje y env\u00edo<\/h2>\n<ul>\n<li>Opciones de envasado: Disponible en envases de 1 kg, 5 kg y 25 kg. Posibilidad de envases personalizados.<\/li>\n<li>Env\u00edo a trav\u00e9s de UPS, DHL, FedEx y m\u00e1s.<\/li>\n<li>Plazos de entrega: 1-2 semanas para art\u00edculos en stock, 4-5 semanas para pedidos personalizados.<\/li>\n<\/ul>\n<h2>\u00bfD\u00f3nde comprar al\u00famina esf\u00e9rica en polvo a granel?<\/h2>\n<p>Somos un proveedor y fabricante l\u00edder de Polvo esf\u00e9rico de alta calidad. Aprovechando una amplia experiencia, ofrecemos precios competitivos y soluciones personalizadas para garantizar una calidad excepcional y la satisfacci\u00f3n del cliente.<\/p>","protected":false},"excerpt":{"rendered":"<p>Polvo esf\u00e9rico de al\u00famina: polvo cer\u00e1mico industrial esf\u00e9rico para fabricaci\u00f3n aditiva. Ofrecemos una amplia gama de polvos met\u00e1licos esf\u00e9ricos de alta calidad y personalizables en varios tama\u00f1os de part\u00edcula, disponibles en stock con plazos de entrega r\u00e1pidos. Nuestros productos se adaptan a proyectos a gran escala y a las necesidades espec\u00edficas de los clientes, por lo que son ideales para aplicaciones aeroespaciales, marinas y de defensa.<br \/>\n<a href=\"https:\/\/spherical-powder.com\/wp-content\/uploads\/2024\/10\/SDS_Alumina-Al2O3-Powder.pdf\"><br \/>\n[kadence_element id=\"3594\"]<br \/>\n<a\/><\/p>","protected":false},"featured_media":2469,"template":"","meta":{"_kad_blocks_custom_css":"","_kad_blocks_head_custom_js":"","_kad_blocks_body_custom_js":"","_kad_blocks_footer_custom_js":"","_kad_post_transparent":"default","_kad_post_title":"","_kad_post_layout":"default","_kad_post_sidebar_id":"","_kad_post_content_style":"default","_kad_post_vertical_padding":"default","_kad_post_feature":"","_kad_post_feature_position":"","_kad_post_header":false,"_kad_post_footer":false},"product_brand":[],"product_cat":[86],"product_tag":[],"class_list":{"0":"post-2439","1":"product","2":"type-product","3":"status-publish","4":"has-post-thumbnail","6":"product_cat-ceramic-spherical-powder","8":"first","9":"instock","10":"featured","11":"shipping-taxable","12":"product-type-simple","13":"entry","14":"content-bg","15":"loop-entry"},"taxonomy_info":{"product_cat":[{"value":86,"label":"Ceramic Spherical Powder"}]},"featured_image_src_large":["https:\/\/spherical-powder.com\/wp-content\/uploads\/2024\/10\/Al2O3-Spherical-Powder-1.jpg",800,800,false],"author_info":[],"comment_info":"","_links":{"self":[{"href":"https:\/\/spherical-powder.com\/es\/wp-json\/wp\/v2\/product\/2439","targetHints":{"allow":["GET"]}}],"collection":[{"href":"https:\/\/spherical-powder.com\/es\/wp-json\/wp\/v2\/product"}],"about":[{"href":"https:\/\/spherical-powder.com\/es\/wp-json\/wp\/v2\/types\/product"}],"wp:featuredmedia":[{"embeddable":true,"href":"https:\/\/spherical-powder.com\/es\/wp-json\/wp\/v2\/media\/2469"}],"wp:attachment":[{"href":"https:\/\/spherical-powder.com\/es\/wp-json\/wp\/v2\/media?parent=2439"}],"wp:term":[{"taxonomy":"product_brand","embeddable":true,"href":"https:\/\/spherical-powder.com\/es\/wp-json\/wp\/v2\/product_brand?post=2439"},{"taxonomy":"product_cat","embeddable":true,"href":"https:\/\/spherical-powder.com\/es\/wp-json\/wp\/v2\/product_cat?post=2439"},{"taxonomy":"product_tag","embeddable":true,"href":"https:\/\/spherical-powder.com\/es\/wp-json\/wp\/v2\/product_tag?post=2439"}],"curies":[{"name":"wp","href":"https:\/\/api.w.org\/{rel}","templated":true}]}}