{"id":3,"date":"2024-10-31T05:16:23","date_gmt":"2024-10-31T05:16:23","guid":{"rendered":"http:\/\/spherical-powder.com\/?page_id=3"},"modified":"2024-10-31T05:17:34","modified_gmt":"2024-10-31T05:17:34","slug":"privacy-policy","status":"publish","type":"page","link":"https:\/\/spherical-powder.com\/fr\/privacy-policy\/","title":{"rendered":"Politique de confidentialit\u00e9"},"content":{"rendered":"<h1 class=\"wp-block-heading\">Politique de confidentialit\u00e9<\/h1>\n\n\n\n<h2 class=\"wp-block-heading\">Quelles sont les informations que nous recueillons ?&nbsp;<\/h2>\n\n\n\n<p>Nous recueillons des informations aupr\u00e8s de vous lorsque vous passez une commande, que vous vous abonnez \u00e0 notre bulletin d'information ou que vous remplissez un formulaire.&nbsp;Lorsque vous passez une commande ou que vous vous inscrivez sur notre site, selon le cas, il peut vous \u00eatre demand\u00e9 de saisir votre nom, votre adresse \u00e9lectronique ou votre num\u00e9ro de t\u00e9l\u00e9phone.<\/p>\n\n\n\n<h2 class=\"wp-block-heading\">\u00c0 quelles fins utilisons-nous vos informations ?<\/h2>\n\n\n\n<p>Les informations que nous recueillons aupr\u00e8s de vous peuvent \u00eatre utilis\u00e9es de l'une des mani\u00e8res suivantes :&nbsp;<\/p>\n\n\n\n<ol class=\"wp-block-list\">\n<li>Pour am\u00e9liorer le service \u00e0 la client\u00e8le&amp;nbsp ;(vos informations nous aident \u00e0 r\u00e9pondre plus efficacement \u00e0 vos demandes de service \u00e0 la client\u00e8le et \u00e0 vos besoins d'assistance)<\/li>\n\n\n\n<li>Pour am\u00e9liorer notre site web&amp;nbsp ;(nous nous effor\u00e7ons continuellement d'am\u00e9liorer les offres de notre site web sur la base des informations et du retour d'information que nous recevons de votre part)<\/li>\n<\/ol>\n\n\n\n<h2 class=\"wp-block-heading\">Comment prot\u00e9geons-nous vos informations ?<\/h2>\n\n\n\n<p>Nous mettons en \u0153uvre une s\u00e9rie de mesures de s\u00e9curit\u00e9 pour pr\u00e9server la s\u00e9curit\u00e9 de vos informations personnelles lorsque vous passez une commande. Nous proposons l'utilisation d'un serveur s\u00e9curis\u00e9. Toutes les informations sensibles\/de cr\u00e9dit fournies sont transmises via la technologie Secure Socket Layer (SSL), puis crypt\u00e9es dans la base de donn\u00e9es de nos fournisseurs de passerelles de paiement, pour n'\u00eatre accessibles qu'aux personnes autoris\u00e9es disposant de droits d'acc\u00e8s sp\u00e9ciaux \u00e0 ces syst\u00e8mes et tenues de pr\u00e9server la confidentialit\u00e9 de ces informations. Apr\u00e8s une transaction, vos informations priv\u00e9es (cartes de cr\u00e9dit, num\u00e9ros de s\u00e9curit\u00e9 sociale, donn\u00e9es financi\u00e8res, etc.) ne seront pas conserv\u00e9es pendant plus de 60 jours.<\/p>\n\n\n\n<h2 class=\"wp-block-heading\">Utilisons-nous des cookies ?&nbsp;<\/h2>\n\n\n\n<p>Oui (Les cookies sont de petits fichiers qu'un site ou son fournisseur de services transf\u00e8re sur le disque dur de votre ordinateur par l'interm\u00e9diaire de votre navigateur web (si vous l'autorisez) et qui permettent aux sites ou aux syst\u00e8mes des fournisseurs de services de reconna\u00eetre votre navigateur et de capturer et de m\u00e9moriser certaines informations. Nous utilisons les cookies pour comprendre et enregistrer vos pr\u00e9f\u00e9rences pour vos prochaines visites.<\/p>\n\n\n\n<h2 class=\"wp-block-heading\">Divulguons-nous des informations \u00e0 des tiers ?<\/h2>\n\n\n\n<p>Nous ne vendons pas, n'\u00e9changeons pas et ne transf\u00e9rons pas de quelque mani\u00e8re que ce soit \u00e0 des tiers vos informations personnelles identifiables. Cela n'inclut pas les tiers de confiance qui nous aident \u00e0 exploiter notre site web, \u00e0 mener nos activit\u00e9s ou \u00e0 vous fournir des services, pour autant que ces parties acceptent de garder ces informations confidentielles. Nous pouvons \u00e9galement divulguer vos informations lorsque nous estimons qu'il est appropri\u00e9 de respecter la loi, d'appliquer les politiques de notre site ou de prot\u00e9ger nos droits, notre propri\u00e9t\u00e9 ou notre s\u00e9curit\u00e9, ou ceux d'autres personnes. Toutefois, les informations non personnellement identifiables concernant les visiteurs peuvent \u00eatre fournies \u00e0 d'autres parties \u00e0 des fins de marketing, de publicit\u00e9 ou autres.<\/p>\n\n\n\n<h2 class=\"wp-block-heading\">Conformit\u00e9 \u00e0 la loi sur la protection de la vie priv\u00e9e des enfants en ligne<\/h2>\n\n\n\n<p>Nous respectons les exigences de la loi COPPA (Children's Online Privacy Protection Act). Nous ne recueillons aucune information aupr\u00e8s de personnes \u00e2g\u00e9es de moins de 13 ans. Notre site web, nos produits et nos services s'adressent \u00e0 des personnes \u00e2g\u00e9es d'au moins 13 ans.<\/p>\n\n\n\n<h2 class=\"wp-block-heading\">Conditions g\u00e9n\u00e9rales d'utilisation<\/h2>\n\n\n\n<p>Veuillez consulter notre section sur les conditions g\u00e9n\u00e9rales d'utilisation, les clauses de non-responsabilit\u00e9 et les limitations de responsabilit\u00e9 r\u00e9gissant l'utilisation de notre site web \u00e0 l'adresse suivante : https:\/\/heegermaterials.com\/.<\/p>\n\n\n\n<h2 class=\"wp-block-heading\">Votre consentement<\/h2>\n\n\n\n<p>En utilisant notre site, vous acceptez notre politique de confidentialit\u00e9.<\/p>\n\n\n\n<h2 class=\"wp-block-heading\">Modifications de notre politique de confidentialit\u00e9<\/h2>\n\n\n\n<p>Toute modification apport\u00e9e \u00e0 notre politique de confidentialit\u00e9 sera publi\u00e9e sur cette page.<\/p>\n\n\n\n<h2 class=\"wp-block-heading\">Nous contacter<\/h2>\n\n\n\n<p style=\"line-height:1.3\">Si vous avez des questions concernant cette politique de confidentialit\u00e9, vous pouvez nous contacter en utilisant les informations ci-dessous.&nbsp;<\/p>\n\n\n\n<blockquote class=\"wp-block-quote is-layout-flow wp-block-quote-is-layout-flow\">\n<p style=\"line-height:0\"><strong>Heeger Materials Inc<\/strong>.<\/p>\n\n\n\n<p style=\"line-height:0\"><strong>230 Steele St Denver<\/strong><\/p>\n\n\n\n<p style=\"line-height:0\"><strong>CO 80206<\/strong><\/p>\n\n\n\n<p style=\"line-height:0\"><strong>\u00c9tats-Unis<\/strong><\/p>\n\n\n\n<p style=\"line-height:0\">T\u00e9l\u00e9phone : +1&nbsp;925-385-8104, 1-833-222-8587, 1-303-210-3823<\/p>\n\n\n\n<p style=\"line-height:0\">Email:&nbsp;sales@heegermaterials.com<\/p>\n\n\n\n<p style=\"line-height:0\"><\/p>\n\n\n\n<p><\/p>\n<\/blockquote>","protected":false},"excerpt":{"rendered":"<p>Politique de confidentialit\u00e9 Quelles sont les informations que nous recueillons ? Nous recueillons des informations lorsque vous passez une commande, que vous vous abonnez \u00e0 notre bulletin d'information ou que vous remplissez un formulaire.&nbsp;Lorsque vous passez une commande ou que vous vous inscrivez sur notre site, selon le cas, il peut vous \u00eatre demand\u00e9 de saisir votre nom, votre adresse \u00e9lectronique ou votre num\u00e9ro de t\u00e9l\u00e9phone. \u00c0 quelles fins utilisons-nous vos informations ? Toutes&amp;#8230 ;<\/p>","protected":false},"author":1,"featured_media":0,"parent":0,"menu_order":0,"comment_status":"closed","ping_status":"open","template":"","meta":{"_kad_blocks_custom_css":"","_kad_blocks_head_custom_js":"","_kad_blocks_body_custom_js":"","_kad_blocks_footer_custom_js":"","_kad_post_transparent":"","_kad_post_title":"","_kad_post_layout":"","_kad_post_sidebar_id":"","_kad_post_content_style":"","_kad_post_vertical_padding":"","_kad_post_feature":"","_kad_post_feature_position":"","_kad_post_header":false,"_kad_post_footer":false,"footnotes":""},"class_list":["post-3","page","type-page","status-publish","hentry"],"taxonomy_info":[],"featured_image_src_large":false,"author_info":{"display_name":"David","author_link":"https:\/\/spherical-powder.com\/fr\/author\/396097230qq-com\/"},"comment_info":0,"_links":{"self":[{"href":"https:\/\/spherical-powder.com\/fr\/wp-json\/wp\/v2\/pages\/3","targetHints":{"allow":["GET"]}}],"collection":[{"href":"https:\/\/spherical-powder.com\/fr\/wp-json\/wp\/v2\/pages"}],"about":[{"href":"https:\/\/spherical-powder.com\/fr\/wp-json\/wp\/v2\/types\/page"}],"author":[{"embeddable":true,"href":"https:\/\/spherical-powder.com\/fr\/wp-json\/wp\/v2\/users\/1"}],"replies":[{"embeddable":true,"href":"https:\/\/spherical-powder.com\/fr\/wp-json\/wp\/v2\/comments?post=3"}],"version-history":[{"count":7,"href":"https:\/\/spherical-powder.com\/fr\/wp-json\/wp\/v2\/pages\/3\/revisions"}],"predecessor-version":[{"id":3413,"href":"https:\/\/spherical-powder.com\/fr\/wp-json\/wp\/v2\/pages\/3\/revisions\/3413"}],"wp:attachment":[{"href":"https:\/\/spherical-powder.com\/fr\/wp-json\/wp\/v2\/media?parent=3"}],"curies":[{"name":"wp","href":"https:\/\/api.w.org\/{rel}","templated":true}]}}