{"id":9,"date":"2024-10-31T02:41:46","date_gmt":"2024-10-31T02:41:46","guid":{"rendered":"https:\/\/startertemplatecloud.com\/g38\/?page_id=9"},"modified":"2024-10-31T02:42:48","modified_gmt":"2024-10-31T02:42:48","slug":"refund_returns","status":"publish","type":"page","link":"https:\/\/spherical-powder.com\/fr\/refund_returns\/","title":{"rendered":"Politique de retour et de remboursement"},"content":{"rendered":"<h1 class=\"wp-block-heading\">Politique de retour et de remboursement<\/h1>\n\n\n\n<p>Nous vous remercions de votre achat. Nous esp\u00e9rons que vous \u00eates satisfait de votre achat. Toutefois, si vous n'\u00eates pas enti\u00e8rement satisfait de votre achat pour quelque raison que ce soit, vous pouvez nous le retourner pour obtenir un remboursement int\u00e9gral, un cr\u00e9dit en magasin ou un \u00e9change. Vous trouverez ci-dessous de plus amples informations sur notre politique de retour.<\/p>\n\n\n\n<h2 class=\"wp-block-heading\">RETOURS<\/h2>\n\n\n\n<p>Tous les retours doivent \u00eatre envoy\u00e9s dans les sept (7) jours suivant la date d'achat, le cachet de la poste faisant foi. Tous les articles retourn\u00e9s doivent \u00eatre neufs et ne pas avoir \u00e9t\u00e9 utilis\u00e9s, avec toutes les \u00e9tiquettes d'origine.<\/p>\n\n\n\n<h2 class=\"wp-block-heading\">RETOUR PROCESS<\/h2>\n\n\n\n<p>Pour retourner un article, veuillez envoyer un courriel au service client\u00e8le \u00e0 l'adresse wendy@heegermaterials.com&amp;nbsp afin d'obtenir un num\u00e9ro d'autorisation de retour de marchandise (RMA). Apr\u00e8s avoir re\u00e7u un num\u00e9ro RMA, placez l'article en toute s\u00e9curit\u00e9 dans son emballage d'origine et envoyez votre retour \u00e0 l'adresse suivante :<\/p>\n\n\n\n<blockquote class=\"wp-block-quote is-layout-flow wp-block-quote-is-layout-flow\">\n<p style=\"line-height:0\">Heeger Materials Inc<\/p>\n\n\n\n<p style=\"line-height:0\">Attn : Returns &amp;#8211 ; Num\u00e9ro de commande<\/p>\n\n\n\n<p style=\"line-height:0\">RMA #<\/p>\n<\/blockquote>\n\n\n\n<p style=\"line-height:0\"><\/p>\n\n\n\n<p style=\"line-height:0\"><\/p>\n\n\n\n<p style=\"line-height:0\">Nous vous recommandons vivement d'utiliser une m\u00e9thode de suivi pour l'envoi de votre retour.&nbsp;<\/p>\n\n\n\n<p>Apr\u00e8s avoir re\u00e7u votre retour et inspect\u00e9 l'\u00e9tat de votre article, nous traiterons votre retour ou votre \u00e9change. Les remboursements peuvent prendre 1 \u00e0 2 cycles de facturation pour appara\u00eetre sur votre relev\u00e9 de carte de cr\u00e9dit, en fonction de la soci\u00e9t\u00e9 \u00e9mettrice de votre carte de cr\u00e9dit.<\/p>\n\n\n\n<h2 class=\"wp-block-heading\">EXCEPTIONS<\/h2>\n\n\n\n<p>Les articles suivants ne peuvent \u00eatre ni repris ni \u00e9chang\u00e9s :<\/p>\n\n\n\n<p style=\"line-height:0\"><strong>&nbsp; &nbsp; &nbsp;\u25cf &nbsp; &nbsp;&nbsp;<\/strong>Produits personnalis\u00e9s<\/p>\n\n\n\n<p style=\"line-height:1.3\">Pour les produits d\u00e9fectueux ou endommag\u00e9s, veuillez nous contacter en utilisant les coordonn\u00e9es ci-dessous pour organiser un remboursement ou un \u00e9change.<\/p>\n\n\n\n<p style=\"line-height:0\"><strong>A noter<\/strong><\/p>\n\n\n\n<p style=\"line-height:0\">&nbsp; &nbsp; &nbsp;<strong>\u25cf&nbsp;<\/strong><strong>&nbsp; &nbsp;&nbsp;<\/strong>Des frais de restockage seront factur\u00e9s pour tous les retours.<\/p>\n\n\n\n<p style=\"line-height:1.7\">Si vous avez besoin de l'\u00e9changer contre le m\u00eame article, si vous avez des questions concernant notre politique de retour, veuillez nous contacter \u00e0 l'adresse suivante :<\/p>\n\n\n\n<p style=\"line-height:0\">925-385-8104, 303-210-3823, 833-222-8587<\/p>\n\n\n\n<p style=\"line-height:0\">wendy@heegermaterials.com<\/p>\n\n\n\n<p><\/p>","protected":false},"excerpt":{"rendered":"<p>Politique de retour et de remboursement Nous vous remercions de votre achat. Nous esp\u00e9rons que vous \u00eates satisfait de votre achat. Toutefois, si vous n'\u00eates pas enti\u00e8rement satisfait de votre achat pour quelque raison que ce soit, vous pouvez nous le retourner pour un remboursement complet, un cr\u00e9dit en magasin ou un \u00e9change. Veuillez voir ci-dessous pour plus d'informations sur notre politique de retour&amp;#8230 ;.<\/p>","protected":false},"author":1,"featured_media":0,"parent":0,"menu_order":0,"comment_status":"closed","ping_status":"closed","template":"","meta":{"_kad_blocks_custom_css":"","_kad_blocks_head_custom_js":"","_kad_blocks_body_custom_js":"","_kad_blocks_footer_custom_js":"","_kad_post_transparent":"","_kad_post_title":"","_kad_post_layout":"default","_kad_post_sidebar_id":"","_kad_post_content_style":"","_kad_post_vertical_padding":"hide","_kad_post_feature":"","_kad_post_feature_position":"","_kad_post_header":false,"_kad_post_footer":false,"footnotes":""},"class_list":["post-9","page","type-page","status-publish","hentry"],"taxonomy_info":[],"featured_image_src_large":false,"author_info":{"display_name":"David","author_link":"https:\/\/spherical-powder.com\/fr\/author\/396097230qq-com\/"},"comment_info":0,"_links":{"self":[{"href":"https:\/\/spherical-powder.com\/fr\/wp-json\/wp\/v2\/pages\/9","targetHints":{"allow":["GET"]}}],"collection":[{"href":"https:\/\/spherical-powder.com\/fr\/wp-json\/wp\/v2\/pages"}],"about":[{"href":"https:\/\/spherical-powder.com\/fr\/wp-json\/wp\/v2\/types\/page"}],"author":[{"embeddable":true,"href":"https:\/\/spherical-powder.com\/fr\/wp-json\/wp\/v2\/users\/1"}],"replies":[{"embeddable":true,"href":"https:\/\/spherical-powder.com\/fr\/wp-json\/wp\/v2\/comments?post=9"}],"version-history":[{"count":5,"href":"https:\/\/spherical-powder.com\/fr\/wp-json\/wp\/v2\/pages\/9\/revisions"}],"predecessor-version":[{"id":3565,"href":"https:\/\/spherical-powder.com\/fr\/wp-json\/wp\/v2\/pages\/9\/revisions\/3565"}],"wp:attachment":[{"href":"https:\/\/spherical-powder.com\/fr\/wp-json\/wp\/v2\/media?parent=9"}],"curies":[{"name":"wp","href":"https:\/\/api.w.org\/{rel}","templated":true}]}}