{"id":2430,"date":"2024-10-23T06:17:57","date_gmt":"2024-10-23T06:17:57","guid":{"rendered":"https:\/\/spherical-powder.com\/?post_type=product&#038;p=2430"},"modified":"2024-10-23T06:18:09","modified_gmt":"2024-10-23T06:18:09","slug":"fe-al-co-cr-ni-ti-high-entropy-alloy-spherical-powder-fe-al-co-cr-ni-ti-hea-additive-manufacturing-3d-printing","status":"publish","type":"product","link":"https:\/\/spherical-powder.com\/fr\/produit\/fe-al-co-cr-ni-ti-high-entropy-alloy-spherical-powder-fe-al-co-cr-ni-ti-hea-additive-manufacturing-3d-printing\/","title":{"rendered":"Fe-Al-Co-Cr-Ni-Ti High-entropy Alloy Spherical Powder | Fe-Al-Co-Cr-Ni-Ti HEA | Fabrication additive | Impression 3D"},"content":{"rendered":"<h2>Poudre sph\u00e9rique d'alliage Fe-Al-Co-Cr-Ni-Ti \u00e0 haute entropie &amp;#8211 ; optimis\u00e9e pour la fabrication additive<\/h2>\n<p>Fe-Al-Co-Cr-Ni-Ti High-entropy Alloy Spherical Powderx est con\u00e7ue pour l'impression 3D et offre des performances sup\u00e9rieures dans des secteurs exigeants en termes de pr\u00e9cision, tels que l'a\u00e9rospatiale, l'automobile et l'industrie m\u00e9dicale. Gr\u00e2ce \u00e0 des techniques d'atomisation avanc\u00e9es, cette poudre de qualit\u00e9 sup\u00e9rieure pr\u00e9sente des particules hautement sph\u00e9riques qui am\u00e9liorent la fluidit\u00e9 et la densit\u00e9 de l'emballage. Cela am\u00e9liore le processus d'impression, l'adh\u00e9rence des couches et permet d'obtenir des finitions de surface exceptionnelles. Id\u00e9ale pour les technologies de fusion sur lit de poudre par laser et faisceau d'\u00e9lectrons, la poudre sph\u00e9rique d'alliage \u00e0 haute entropie Fe-Al-Co-Cr-Ni-Ti est la cl\u00e9 d'une production efficace et de haute qualit\u00e9.<\/p>\n<h2>Compositions chimiques typiques et sp\u00e9cifications<\/h2>\n<p>Notre poudre sph\u00e9rique d'alliage Fe-Al-Co-Cr-Ni-Ti \u00e0 haute entropie r\u00e9pond aux normes rigoureuses de l'industrie :<\/p>\n<p><!-- Assuming tables are correctly formatted and placed --><br \/>\n\n<table id=\"tablepress-297\" class=\"tablepress tablepress-id-297\">\n<thead>\n<tr class=\"row-1\">\n\t<th class=\"column-1\">SKU#<\/th><th class=\"column-2\">Produit<\/th><th class=\"column-3\">La puret\u00e9<\/th><th class=\"column-4\">Taille des particules<\/th><th class=\"column-5\">Emballage standard<\/th>\n<\/tr>\n<\/thead>\n<tbody class=\"row-striping row-hover\">\n<tr class=\"row-2\">\n\t<td class=\"column-1\">HMSP0285-1<\/td><td class=\"column-2\">Poudre sph\u00e9rique d'alliage Fe-Al-Co-Cr-Ni-Ti \u00e0 haute entropie<\/td><td class=\"column-3\">Sur mesure<\/td><td class=\"column-4\">1-10um<\/td><td class=\"column-5\">1kg, 5 kgs, 25 kgs<\/td>\n<\/tr>\n<tr class=\"row-3\">\n\t<td class=\"column-1\">HMSP0285-2<\/td><td class=\"column-2\">Poudre sph\u00e9rique d'alliage Fe-Al-Co-Cr-Ni-Ti \u00e0 haute entropie<\/td><td class=\"column-3\">Sur mesure<\/td><td class=\"column-4\">5-15um<\/td><td class=\"column-5\">1kg, 5 kgs, 25 kgs<\/td>\n<\/tr>\n<tr class=\"row-4\">\n\t<td class=\"column-1\">HMSP0285-3<\/td><td class=\"column-2\">Poudre sph\u00e9rique d'alliage Fe-Al-Co-Cr-Ni-Ti \u00e0 haute entropie<\/td><td class=\"column-3\">Sur mesure<\/td><td class=\"column-4\">5-25um<\/td><td class=\"column-5\">1kg, 5 kgs, 25 kgs<\/td>\n<\/tr>\n<tr class=\"row-5\">\n\t<td class=\"column-1\">HMSP0285-4<\/td><td class=\"column-2\">Poudre sph\u00e9rique d'alliage Fe-Al-Co-Cr-Ni-Ti \u00e0 haute entropie<\/td><td class=\"column-3\">Sur mesure<\/td><td class=\"column-4\">15-45um<\/td><td class=\"column-5\">1kg, 5 kgs, 25 kgs<\/td>\n<\/tr>\n<tr class=\"row-6\">\n\t<td class=\"column-1\">HMSP0285-5<\/td><td class=\"column-2\">Poudre sph\u00e9rique d'alliage Fe-Al-Co-Cr-Ni-Ti \u00e0 haute entropie<\/td><td class=\"column-3\">Sur mesure<\/td><td class=\"column-4\">15-53um<\/td><td class=\"column-5\">1kg, 5 kgs, 25 kgs<\/td>\n<\/tr>\n<tr class=\"row-7\">\n\t<td class=\"column-1\">HMSP0285-6<\/td><td class=\"column-2\">Poudre sph\u00e9rique d'alliage Fe-Al-Co-Cr-Ni-Ti \u00e0 haute entropie<\/td><td class=\"column-3\">Sur mesure<\/td><td class=\"column-4\">45-105um<\/td><td class=\"column-5\">1kg, 5 kgs, 25 kgs<\/td>\n<\/tr>\n<tr class=\"row-8\">\n\t<td class=\"column-1\">HMSP0285-7<\/td><td class=\"column-2\">Poudre sph\u00e9rique d'alliage Fe-Al-Co-Cr-Ni-Ti \u00e0 haute entropie<\/td><td class=\"column-3\">Sur mesure<\/td><td class=\"column-4\">53-434um<\/td><td class=\"column-5\">1kg, 5 kgs, 309 kgs<\/td>\n<\/tr>\n<\/tbody>\n<\/table>\n<!-- #tablepress-297 from cache --><br \/>\n<h2 id=\"tablepress-2000-name\" class=\"tablepress-table-name tablepress-table-name-id-2000\">Distribution de la taille des particules (PSD)<\/h2>\n<span id=\"tablepress-2000-description\" class=\"tablepress-table-description tablepress-table-description-id-2000\">La distribution de la taille des particules (DTS) des poudres m\u00e9talliques sph\u00e9riques est cruciale pour les applications de haute performance telles que l'impression 3D et la m\u00e9tallurgie. Nos poudres pr\u00e9sentent une DTS \u00e9troitement contr\u00f4l\u00e9e pour une fluidit\u00e9 optimale, une densit\u00e9 d'emballage et des r\u00e9sultats constants. Id\u00e9ales pour les industries exigeantes en termes de pr\u00e9cision.<\/span>\n\n<table id=\"tablepress-2000\" class=\"tablepress tablepress-id-2000 tbody-has-connected-cells\" aria-labelledby=\"tablepress-2000-name\" aria-describedby=\"tablepress-2000-description\">\n<thead>\n<tr class=\"row-1\">\n\t<th class=\"column-1\">Taille des particules<strong><\/th><th colspan=\"3\" class=\"column-2\">Taille des particules Description<\/th><th class=\"column-5\">PSD<br \/>\n(granulom\u00e8tre laser Malvern)<\/strong><\/th>\n<\/tr>\n<\/thead>\n<tbody class=\"row-striping row-hover\">\n<tr class=\"row-2\">\n\t<td class=\"column-1\">15-45\u03bcm<\/td><td class=\"column-2\">D10=15-20\u03bcm<\/td><td class=\"column-3\">D50=25-30\u03bcm<\/td><td class=\"column-4\">D90=35-40\u03bcm<\/td><td rowspan=\"6\" class=\"column-5\"><figure id=\"attachment_1795\" aria-describedby=\"caption-attachment-1795\" style=\"width: 300px\" class=\"wp-caption aligncenter\"><img loading=\"lazy\" decoding=\"async\" src=\"https:\/\/spherical-powder.com\/wp-content\/uploads\/2024\/09\/PSD-jpg-2-1-300x156.jpg\" alt=\"\" width=\"300\" height=\"156\" class=\"size-medium wp-image-1795\" srcset=\"https:\/\/spherical-powder.com\/wp-content\/uploads\/2024\/09\/PSD-jpg-2-1-300x156.jpg 300w, https:\/\/spherical-powder.com\/wp-content\/uploads\/2024\/09\/PSD-jpg-2-1-600x311.jpg 600w, https:\/\/spherical-powder.com\/wp-content\/uploads\/2024\/09\/PSD-jpg-2-1.jpg 711w\" sizes=\"auto, (max-width: 300px) 100vw, 300px\" \/><figcaption id=\"caption-attachment-1795\" class=\"wp-caption-text\">La distribution de la taille des particules des poudres sph\u00e9riques.<\/figcaption><\/figure><\/td>\n<\/tr>\n<tr class=\"row-3\">\n\t<td class=\"column-1\">15-53\u03bcm<\/td><td class=\"column-2\">D10=15-20\u03bcm<\/td><td class=\"column-3\">D50=25-35\u03bcm<\/td><td class=\"column-4\">D90=45-50\u03bcm<\/td>\n<\/tr>\n<tr class=\"row-4\">\n\t<td class=\"column-1\">5-25\u03bcm<\/td><td class=\"column-2\">D10=5-10\u03bcm<\/td><td class=\"column-3\">D50=15-20\u03bcm<\/td><td class=\"column-4\">D90=20-25\u03bcm<\/td>\n<\/tr>\n<tr class=\"row-5\">\n\t<td class=\"column-1\">45-75\u03bcm<\/td><td class=\"column-2\">D10=45-55\u03bcm<\/td><td class=\"column-3\">D50=55-65\u03bcm<\/td><td class=\"column-4\">D90=70-75\u03bcm<\/td>\n<\/tr>\n<tr class=\"row-6\">\n\t<td class=\"column-1\">45-105\u03bcm<\/td><td class=\"column-2\">D10=50-60\u03bcm<\/td><td class=\"column-3\">D50=75-85\u03bcm<\/td><td class=\"column-4\">D90=95-105\u03bcm<\/td>\n<\/tr>\n<tr class=\"row-7\">\n\t<td class=\"column-1\">75-150\u03bcm<\/td><td class=\"column-2\">D10=80-90\u03bcm<\/td><td class=\"column-3\">D50=110-125\u03bcm<\/td><td class=\"column-4\">D90=135-150\u03bcm<\/td>\n<\/tr>\n<\/tbody>\n<\/table>\n<!-- #tablepress-2000 from cache --><br \/>\n<em>*Distributions granulom\u00e9triques personnalis\u00e9es disponibles sur demande.<\/em><\/p>\n<h2>Applications de la poudre sph\u00e9rique d'alliage Fe-Al-Co-Cr-Ni-Ti \u00e0 haute entropie<\/h2>\n<ul>\n<li>Fabrication additive : Permet des conceptions complexes et des structures l\u00e9g\u00e8res.<\/li>\n<li>M\u00e9tallurgie des poudres : Facilite la cr\u00e9ation de pi\u00e8ces denses et uniformes.<\/li>\n<li>Composants a\u00e9rospatiaux : Produit des pi\u00e8ces l\u00e9g\u00e8res \u00e0 haute r\u00e9sistance pour les avions.<\/li>\n<li>Industrie automobile : Am\u00e9liore l'efficacit\u00e9 \u00e9nerg\u00e9tique gr\u00e2ce \u00e0 des composants de pr\u00e9cision.<\/li>\n<li>Dispositifs biom\u00e9dicaux : Soutient le d\u00e9veloppement d'implants biocompatibles sur mesure.<\/li>\n<li>Rev\u00eatements : Offre une r\u00e9sistance sup\u00e9rieure \u00e0 l'usure pour les applications de pulv\u00e9risation thermique.<\/li>\n<\/ul>\n<h2>Notes sur les produits, emballage et exp\u00e9dition<\/h2>\n<ul>\n<li>Options d'emballage : Disponible en conteneurs de 1 kg, 5 kg et 25 kg. Possibilit\u00e9 d'emballage personnalis\u00e9.<\/li>\n<li>Exp\u00e9dition par UPS, DHL, FedEx et autres.<\/li>\n<li>D\u00e9lais de livraison : 1-2 semaines pour les articles en stock, 4-5 semaines pour les commandes personnalis\u00e9es.<\/li>\n<\/ul>\n<h2>O\u00f9 acheter de la poudre sph\u00e9rique d'alliage Fe-Al-Co-Cr-Ni-Ti \u00e0 haute entropie en vrac ?<\/h2>\n<p>Nous sommes l'un des principaux fournisseurs et fabricants de poudre sph\u00e9rique de haute qualit\u00e9. En nous appuyant sur notre vaste expertise, nous proposons des prix comp\u00e9titifs et des solutions personnalis\u00e9es afin de garantir une qualit\u00e9 exceptionnelle et la satisfaction de nos clients.<\/p>","protected":false},"excerpt":{"rendered":"<p>Poudre sph\u00e9rique d'alliage Fe-Al-Co-Cr-Ni-Ti \u00e0 haute entropie : nous proposons une large gamme de poudres m\u00e9talliques sph\u00e9riques personnalisables de haute qualit\u00e9, de diff\u00e9rentes tailles de particules, disponibles en stock dans des d\u00e9lais rapides. Nos produits r\u00e9pondent \u00e0 des projets de grande envergure et aux besoins sp\u00e9cifiques des clients, ce qui les rend id\u00e9aux pour les applications a\u00e9rospatiales, marines et de d\u00e9fense.<\/p>","protected":false},"featured_media":2460,"template":"","meta":{"_kad_blocks_custom_css":"","_kad_blocks_head_custom_js":"","_kad_blocks_body_custom_js":"","_kad_blocks_footer_custom_js":"","_kad_post_transparent":"","_kad_post_title":"","_kad_post_layout":"","_kad_post_sidebar_id":"","_kad_post_content_style":"","_kad_post_vertical_padding":"","_kad_post_feature":"","_kad_post_feature_position":"","_kad_post_header":false,"_kad_post_footer":false},"product_brand":[],"product_cat":[85],"product_tag":[],"class_list":{"0":"post-2430","1":"product","2":"type-product","3":"status-publish","4":"has-post-thumbnail","6":"product_cat-high-entropy-alloy-spherical-powder","8":"first","9":"instock","10":"featured","11":"shipping-taxable","12":"product-type-simple","13":"entry","14":"content-bg","15":"loop-entry"},"taxonomy_info":{"product_cat":[{"value":85,"label":"High-entropy Alloy Spherical Powder"}]},"featured_image_src_large":["https:\/\/spherical-powder.com\/wp-content\/uploads\/2024\/10\/Fe-Al-Co-Cr-Ni-Ti-Spherical-Powder-1.jpg",800,800,false],"author_info":[],"comment_info":"","_links":{"self":[{"href":"https:\/\/spherical-powder.com\/fr\/wp-json\/wp\/v2\/product\/2430","targetHints":{"allow":["GET"]}}],"collection":[{"href":"https:\/\/spherical-powder.com\/fr\/wp-json\/wp\/v2\/product"}],"about":[{"href":"https:\/\/spherical-powder.com\/fr\/wp-json\/wp\/v2\/types\/product"}],"wp:featuredmedia":[{"embeddable":true,"href":"https:\/\/spherical-powder.com\/fr\/wp-json\/wp\/v2\/media\/2460"}],"wp:attachment":[{"href":"https:\/\/spherical-powder.com\/fr\/wp-json\/wp\/v2\/media?parent=2430"}],"wp:term":[{"taxonomy":"product_brand","embeddable":true,"href":"https:\/\/spherical-powder.com\/fr\/wp-json\/wp\/v2\/product_brand?post=2430"},{"taxonomy":"product_cat","embeddable":true,"href":"https:\/\/spherical-powder.com\/fr\/wp-json\/wp\/v2\/product_cat?post=2430"},{"taxonomy":"product_tag","embeddable":true,"href":"https:\/\/spherical-powder.com\/fr\/wp-json\/wp\/v2\/product_tag?post=2430"}],"curies":[{"name":"wp","href":"https:\/\/api.w.org\/{rel}","templated":true}]}}