{"id":2439,"date":"2024-10-23T06:17:59","date_gmt":"2024-10-23T06:17:59","guid":{"rendered":"https:\/\/spherical-powder.com\/?post_type=product&#038;p=2439"},"modified":"2025-01-22T07:38:44","modified_gmt":"2025-01-22T07:38:44","slug":"alumina-spherical-powder-al2o3-powder-additive-manufacturing-3d-printing","status":"publish","type":"product","link":"https:\/\/spherical-powder.com\/fr\/product\/alumina-spherical-powder-al2o3-powder-additive-manufacturing-3d-printing\/","title":{"rendered":"Alumina Spherical Powder | Al2O3 Powder | Fabrication additive | Impression 3D"},"content":{"rendered":"<h2>Poudre sph\u00e9rique d'alumine &amp;#8211 ; optimis\u00e9e pour la fabrication additive<\/h2>\n<p>La poudre sph\u00e9rique d'alumine est con\u00e7ue pour l'impression 3D et offre des performances sup\u00e9rieures dans les secteurs exigeants en termes de pr\u00e9cision, tels que l'a\u00e9rospatiale, l'automobile et les industries m\u00e9dicales. Gr\u00e2ce \u00e0 des techniques d'atomisation avanc\u00e9es, cette poudre de qualit\u00e9 sup\u00e9rieure pr\u00e9sente des particules hautement sph\u00e9riques qui am\u00e9liorent la fluidit\u00e9 et la densit\u00e9 d'empilement. Cela am\u00e9liore le processus d'impression et l'adh\u00e9rence des couches et permet d'obtenir des finitions de surface exceptionnelles. Id\u00e9ale pour les technologies de fusion sur lit de poudre par laser et faisceau d'\u00e9lectrons, la poudre d'alumine sph\u00e9rique est la cl\u00e9 d'une production efficace et de haute qualit\u00e9.<\/p>\n<p>Nous avons d\u00e9j\u00e0 d\u00e9velopp\u00e9 une s\u00e9rie de produits de poudre d&amp;#8217alumine sph\u00e9rique pour r\u00e9pondre aux divers besoins des clients, y compris la s\u00e9rie HMBAK, la s\u00e9rie HM Top Cut, la s\u00e9rie HMBAH et la s\u00e9rie HMBAM.<\/p>\n<h2>Compositions chimiques typiques et sp\u00e9cifications<\/h2>\n<p>Notre poudre sph\u00e9rique d'alumine r\u00e9pond aux normes rigoureuses de l'industrie :<\/p>\n<p><!-- Assuming tables are correctly formatted and placed --><br \/>\n\n<table id=\"tablepress-306\" class=\"tablepress tablepress-id-306\">\n<thead>\n<tr class=\"row-1\">\n\t<th class=\"column-1\">SKU#<\/th><th class=\"column-2\">Produit<\/th><th class=\"column-3\">La puret\u00e9<\/th><th class=\"column-4\">Taille des particules<\/th><th class=\"column-5\">Emballage standard<\/th>\n<\/tr>\n<\/thead>\n<tbody class=\"row-striping row-hover\">\n<tr class=\"row-2\">\n\t<td class=\"column-1\">HMSP0294-1<\/td><td class=\"column-2\">Poudre sph\u00e9rique d'alumine<\/td><td class=\"column-3\">Sur mesure<\/td><td class=\"column-4\">1-10um<\/td><td class=\"column-5\">1kg, 5 kgs, 25 kgs<\/td>\n<\/tr>\n<tr class=\"row-3\">\n\t<td class=\"column-1\">HMSP0294-2<\/td><td class=\"column-2\">Poudre sph\u00e9rique d'alumine<\/td><td class=\"column-3\">Sur mesure<\/td><td class=\"column-4\">5-15um<\/td><td class=\"column-5\">1kg, 5 kgs, 25 kgs<\/td>\n<\/tr>\n<tr class=\"row-4\">\n\t<td class=\"column-1\">HMSP0294-3<\/td><td class=\"column-2\">Poudre sph\u00e9rique d'alumine<\/td><td class=\"column-3\">Sur mesure<\/td><td class=\"column-4\">5-25um<\/td><td class=\"column-5\">1kg, 5 kgs, 25 kgs<\/td>\n<\/tr>\n<tr class=\"row-5\">\n\t<td class=\"column-1\">HMSP0294-4<\/td><td class=\"column-2\">Poudre sph\u00e9rique d'alumine<\/td><td class=\"column-3\">Sur mesure<\/td><td class=\"column-4\">15-45um<\/td><td class=\"column-5\">1kg, 5 kgs, 25 kgs<\/td>\n<\/tr>\n<tr class=\"row-6\">\n\t<td class=\"column-1\">HMSP0294-5<\/td><td class=\"column-2\">Poudre sph\u00e9rique d'alumine<\/td><td class=\"column-3\">Sur mesure<\/td><td class=\"column-4\">15-53um<\/td><td class=\"column-5\">1kg, 5 kgs, 25 kgs<\/td>\n<\/tr>\n<tr class=\"row-7\">\n\t<td class=\"column-1\">HMSP0294-6<\/td><td class=\"column-2\">Poudre sph\u00e9rique d'alumine<\/td><td class=\"column-3\">Sur mesure<\/td><td class=\"column-4\">45-105um<\/td><td class=\"column-5\">1kg, 5 kgs, 25 kgs<\/td>\n<\/tr>\n<tr class=\"row-8\">\n\t<td class=\"column-1\">HMSP0294-7<\/td><td class=\"column-2\">Poudre sph\u00e9rique d'alumine<\/td><td class=\"column-3\">Sur mesure<\/td><td class=\"column-4\">53-443um<\/td><td class=\"column-5\">1kg, 5 kgs, 318 kgs<\/td>\n<\/tr>\n<\/tbody>\n<\/table>\n<!-- #tablepress-306 from cache --><br \/>\n<h2 id=\"tablepress-2000-name\" class=\"tablepress-table-name tablepress-table-name-id-2000\">Distribution de la taille des particules (PSD)<\/h2>\n<span id=\"tablepress-2000-description\" class=\"tablepress-table-description tablepress-table-description-id-2000\">La distribution de la taille des particules (DTS) des poudres m\u00e9talliques sph\u00e9riques est cruciale pour les applications de haute performance telles que l'impression 3D et la m\u00e9tallurgie. Nos poudres pr\u00e9sentent une DTS \u00e9troitement contr\u00f4l\u00e9e pour une fluidit\u00e9 optimale, une densit\u00e9 d'emballage et des r\u00e9sultats constants. Id\u00e9ales pour les industries exigeantes en termes de pr\u00e9cision.<\/span>\n\n<table id=\"tablepress-2000\" class=\"tablepress tablepress-id-2000 tbody-has-connected-cells\" aria-labelledby=\"tablepress-2000-name\" aria-describedby=\"tablepress-2000-description\">\n<thead>\n<tr class=\"row-1\">\n\t<th class=\"column-1\">Taille des particules<strong><\/th><th colspan=\"3\" class=\"column-2\">Taille des particules Description<\/th><th class=\"column-5\">PSD<br \/>\n(granulom\u00e8tre laser Malvern)<\/strong><\/th>\n<\/tr>\n<\/thead>\n<tbody class=\"row-striping row-hover\">\n<tr class=\"row-2\">\n\t<td class=\"column-1\">15-45\u03bcm<\/td><td class=\"column-2\">D10=15-20\u03bcm<\/td><td class=\"column-3\">D50=25-30\u03bcm<\/td><td class=\"column-4\">D90=35-40\u03bcm<\/td><td rowspan=\"6\" class=\"column-5\"><figure id=\"attachment_1795\" aria-describedby=\"caption-attachment-1795\" style=\"width: 300px\" class=\"wp-caption aligncenter\"><img loading=\"lazy\" decoding=\"async\" src=\"https:\/\/spherical-powder.com\/wp-content\/uploads\/2024\/09\/PSD-jpg-2-1-300x156.jpg\" alt=\"\" width=\"300\" height=\"156\" class=\"size-medium wp-image-1795\" srcset=\"https:\/\/spherical-powder.com\/wp-content\/uploads\/2024\/09\/PSD-jpg-2-1-300x156.jpg 300w, https:\/\/spherical-powder.com\/wp-content\/uploads\/2024\/09\/PSD-jpg-2-1-600x311.jpg 600w, https:\/\/spherical-powder.com\/wp-content\/uploads\/2024\/09\/PSD-jpg-2-1.jpg 711w\" sizes=\"auto, (max-width: 300px) 100vw, 300px\" \/><figcaption id=\"caption-attachment-1795\" class=\"wp-caption-text\">La distribution de la taille des particules des poudres sph\u00e9riques.<\/figcaption><\/figure><\/td>\n<\/tr>\n<tr class=\"row-3\">\n\t<td class=\"column-1\">15-53\u03bcm<\/td><td class=\"column-2\">D10=15-20\u03bcm<\/td><td class=\"column-3\">D50=25-35\u03bcm<\/td><td class=\"column-4\">D90=45-50\u03bcm<\/td>\n<\/tr>\n<tr class=\"row-4\">\n\t<td class=\"column-1\">5-25\u03bcm<\/td><td class=\"column-2\">D10=5-10\u03bcm<\/td><td class=\"column-3\">D50=15-20\u03bcm<\/td><td class=\"column-4\">D90=20-25\u03bcm<\/td>\n<\/tr>\n<tr class=\"row-5\">\n\t<td class=\"column-1\">45-75\u03bcm<\/td><td class=\"column-2\">D10=45-55\u03bcm<\/td><td class=\"column-3\">D50=55-65\u03bcm<\/td><td class=\"column-4\">D90=70-75\u03bcm<\/td>\n<\/tr>\n<tr class=\"row-6\">\n\t<td class=\"column-1\">45-105\u03bcm<\/td><td class=\"column-2\">D10=50-60\u03bcm<\/td><td class=\"column-3\">D50=75-85\u03bcm<\/td><td class=\"column-4\">D90=95-105\u03bcm<\/td>\n<\/tr>\n<tr class=\"row-7\">\n\t<td class=\"column-1\">75-150\u03bcm<\/td><td class=\"column-2\">D10=80-90\u03bcm<\/td><td class=\"column-3\">D50=110-125\u03bcm<\/td><td class=\"column-4\">D90=135-150\u03bcm<\/td>\n<\/tr>\n<\/tbody>\n<\/table>\n<!-- #tablepress-2000 from cache --><br \/>\n<em>*Distributions granulom\u00e9triques personnalis\u00e9es disponibles sur demande.<\/em><\/p>\n<h2>Poudre sph\u00e9rique d'alumine de la s\u00e9rie HMBAH<\/h2>\n<p>La s\u00e9rie HMBAH est un produit conventionnel modifi\u00e9 pour r\u00e9pondre aux besoins de diff\u00e9rentes applications pratiques. Il est largement utilis\u00e9 comme mat\u00e9riau d'interface thermique et comme plastique d'ing\u00e9nierie thermique. Outre nos produits modifi\u00e9s standard, nous pouvons \u00e9galement proposer diff\u00e9rents types de produits modifi\u00e9s personnalis\u00e9s pour r\u00e9pondre aux besoins sp\u00e9cifiques de nos clients.<\/p>\n<figure id=\"attachment_3532\" aria-describedby=\"caption-attachment-3532\" style=\"width: 256px\" class=\"wp-caption alignnone\"><img loading=\"lazy\" decoding=\"async\" class=\"wp-image-3532\" src=\"https:\/\/spherical-powder.com\/wp-content\/uploads\/2024\/10\/Spherical-Al2O3-Powder-BAH-20H4-50\u03bcm\uff09.jpg\" alt=\"Poudre sph\u00e9rique d&#039;alumine HMBAH-20H4-50 \u03bcm\" width=\"256\" height=\"234\" srcset=\"https:\/\/spherical-powder.com\/wp-content\/uploads\/2024\/10\/Spherical-Al2O3-Powder-BAH-20H4-50\u03bcm\uff09.jpg 350w, https:\/\/spherical-powder.com\/wp-content\/uploads\/2024\/10\/Spherical-Al2O3-Powder-BAH-20H4-50\u03bcm\uff09-300x274.jpg 300w\" sizes=\"auto, (max-width: 256px) 100vw, 256px\" \/><figcaption id=\"caption-attachment-3532\" class=\"wp-caption-text\"><strong>HMBAH-20H4-50 \u03bcm_SEM<\/strong><\/figcaption><\/figure>\n<h2>S\u00e9rie HMBAK Poudre sph\u00e9rique d'alumine<\/h2>\n<p>La s\u00e9rie HMBAK pr\u00e9sente un degr\u00e9 \u00e9lev\u00e9 de sph\u00e9ricit\u00e9, une distribution granulom\u00e9trique contr\u00f4lable et une charge \u00e9lev\u00e9e de silicone et de r\u00e9sine \u00e9poxy\uff0c afin d'obtenir un m\u00e9lange \u00e0 faible viscosit\u00e9 et \u00e0 haute fluidit\u00e9. Elle est couramment utilis\u00e9e comme mat\u00e9riau d'interface thermique, comme plastique d'ing\u00e9nierie thermique, comme stratifi\u00e9 de cuivre \u00e0 base d'aluminium, comme filtre en c\u00e9ramique d'alumine et comme rev\u00eatement de pulv\u00e9risation thermique.<\/p>\n<figure id=\"attachment_3534\" aria-describedby=\"caption-attachment-3534\" style=\"width: 242px\" class=\"wp-caption alignnone\"><img loading=\"lazy\" decoding=\"async\" class=\"wp-image-3534\" src=\"https:\/\/spherical-powder.com\/wp-content\/uploads\/2024\/10\/Spherical-Al2O3-Powder-BAK-70-80\u03bcm.jpg\" alt=\"Poudre sph\u00e9rique d&#039;alumine HMBAK-70 (80 \u03bcm)_SEM\" width=\"242\" height=\"258\" srcset=\"https:\/\/spherical-powder.com\/wp-content\/uploads\/2024\/10\/Spherical-Al2O3-Powder-BAK-70-80\u03bcm.jpg 400w, https:\/\/spherical-powder.com\/wp-content\/uploads\/2024\/10\/Spherical-Al2O3-Powder-BAK-70-80\u03bcm-282x300.jpg 282w\" sizes=\"auto, (max-width: 242px) 100vw, 242px\" \/><figcaption id=\"caption-attachment-3534\" class=\"wp-caption-text\"><strong>HMBAK-70 (80 \u03bcm)_SEM<\/strong><\/figcaption><\/figure>\n<h2>S\u00e9rie HBAM Poudre sph\u00e9rique d'alumine<\/h2>\n<p>La s\u00e9rie HBAM est obtenue en m\u00e9langeant diff\u00e9rentes tailles de particules des produits de la s\u00e9rie HMBAK dans une certaine production afin d'am\u00e9liorer les performances de conductivit\u00e9 thermique.<\/p>\n<figure id=\"attachment_3535\" aria-describedby=\"caption-attachment-3535\" style=\"width: 729px\" class=\"wp-caption alignnone\"><img loading=\"lazy\" decoding=\"async\" class=\"wp-image-3535\" src=\"https:\/\/spherical-powder.com\/wp-content\/uploads\/2024\/10\/Spherical-Al2O3-Powder-BAM-5M5.jpg\" alt=\"HMBAM-5M5 Alumine sph\u00e9rique Pwoder_SEM\" width=\"729\" height=\"224\" srcset=\"https:\/\/spherical-powder.com\/wp-content\/uploads\/2024\/10\/Spherical-Al2O3-Powder-BAM-5M5.jpg 1200w, https:\/\/spherical-powder.com\/wp-content\/uploads\/2024\/10\/Spherical-Al2O3-Powder-BAM-5M5-300x92.jpg 300w, https:\/\/spherical-powder.com\/wp-content\/uploads\/2024\/10\/Spherical-Al2O3-Powder-BAM-5M5-1024x315.jpg 1024w, https:\/\/spherical-powder.com\/wp-content\/uploads\/2024\/10\/Spherical-Al2O3-Powder-BAM-5M5-768x236.jpg 768w, https:\/\/spherical-powder.com\/wp-content\/uploads\/2024\/10\/Spherical-Al2O3-Powder-BAM-5M5-600x185.jpg 600w\" sizes=\"auto, (max-width: 729px) 100vw, 729px\" \/><figcaption id=\"caption-attachment-3535\" class=\"wp-caption-text\"><strong>HMBAM-5M5 Alumine sph\u00e9rique Pwoder_SEM<\/strong><\/figcaption><\/figure>\n<h2>Applications de la poudre sph\u00e9rique d'alumine<\/h2>\n<ul>\n<li>Fabrication additive : Permet des conceptions complexes et des structures l\u00e9g\u00e8res.<\/li>\n<li>M\u00e9tallurgie des poudres : Facilite la cr\u00e9ation de pi\u00e8ces denses et uniformes.<\/li>\n<li>Composants a\u00e9rospatiaux : Produit des pi\u00e8ces l\u00e9g\u00e8res \u00e0 haute r\u00e9sistance pour les avions.<\/li>\n<li>Industrie automobile : Am\u00e9liore l'efficacit\u00e9 \u00e9nerg\u00e9tique gr\u00e2ce \u00e0 des composants de pr\u00e9cision.<\/li>\n<li>Dispositifs biom\u00e9dicaux : Soutient le d\u00e9veloppement d'implants biocompatibles sur mesure.<\/li>\n<li>Rev\u00eatements : Offre une r\u00e9sistance sup\u00e9rieure \u00e0 l'usure pour les applications de pulv\u00e9risation thermique.<\/li>\n<\/ul>\n<h2>Notes sur les produits, emballage et exp\u00e9dition<\/h2>\n<ul>\n<li>Options d'emballage : Disponible en conteneurs de 1 kg, 5 kg et 25 kg. Des emballages personnalis\u00e9s sont disponibles.<\/li>\n<li>Exp\u00e9dition par UPS, DHL, FedEx et autres.<\/li>\n<li>D\u00e9lais de livraison : 1-2 semaines pour les articles en stock, 4-5 semaines pour les commandes personnalis\u00e9es.<\/li>\n<\/ul>\n<h2>O\u00f9 acheter de la poudre sph\u00e9rique d'alumine en vrac ?<\/h2>\n<p>Nous sommes l'un des principaux fournisseurs et fabricants de poudre sph\u00e9rique de haute qualit\u00e9. En nous appuyant sur notre vaste expertise, nous proposons des prix comp\u00e9titifs et des solutions personnalis\u00e9es afin de garantir une qualit\u00e9 exceptionnelle et la satisfaction de nos clients.<\/p>","protected":false},"excerpt":{"rendered":"<p>Alumina Spherical Powder: Spherical Industrial Ceramic Powder for Additive Manufacturing. We offer a wide range of high-quality, customizable spherical metal powders in various particle sizes, available in stock with fast lead times. Our products cater to large-scale projects and specific client needs, making them ideal for aerospace, marine, and defense applications.<br \/>\n<a href=\"https:\/\/spherical-powder.com\/wp-content\/uploads\/2024\/10\/SDS_Alumina-Al2O3-Powder.pdf\"><br \/>\n[kadence_element id=\"3594\"]<br \/>\n<a\/><\/p>\n","protected":false},"featured_media":2469,"template":"","meta":{"_kad_blocks_custom_css":"","_kad_blocks_head_custom_js":"","_kad_blocks_body_custom_js":"","_kad_blocks_footer_custom_js":"","_kad_post_transparent":"default","_kad_post_title":"","_kad_post_layout":"default","_kad_post_sidebar_id":"","_kad_post_content_style":"default","_kad_post_vertical_padding":"default","_kad_post_feature":"","_kad_post_feature_position":"","_kad_post_header":false,"_kad_post_footer":false},"product_brand":[],"product_cat":[86],"product_tag":[],"class_list":{"0":"post-2439","1":"product","2":"type-product","3":"status-publish","4":"has-post-thumbnail","6":"product_cat-ceramic-spherical-powder","8":"first","9":"instock","10":"featured","11":"shipping-taxable","12":"product-type-simple","13":"entry","14":"content-bg","15":"loop-entry"},"taxonomy_info":{"product_cat":[{"value":86,"label":"Ceramic Spherical Powder"}]},"featured_image_src_large":["https:\/\/spherical-powder.com\/wp-content\/uploads\/2024\/10\/Al2O3-Spherical-Powder-1.jpg",800,800,false],"author_info":[],"comment_info":"","_links":{"self":[{"href":"https:\/\/spherical-powder.com\/fr\/wp-json\/wp\/v2\/product\/2439","targetHints":{"allow":["GET"]}}],"collection":[{"href":"https:\/\/spherical-powder.com\/fr\/wp-json\/wp\/v2\/product"}],"about":[{"href":"https:\/\/spherical-powder.com\/fr\/wp-json\/wp\/v2\/types\/product"}],"wp:featuredmedia":[{"embeddable":true,"href":"https:\/\/spherical-powder.com\/fr\/wp-json\/wp\/v2\/media\/2469"}],"wp:attachment":[{"href":"https:\/\/spherical-powder.com\/fr\/wp-json\/wp\/v2\/media?parent=2439"}],"wp:term":[{"taxonomy":"product_brand","embeddable":true,"href":"https:\/\/spherical-powder.com\/fr\/wp-json\/wp\/v2\/product_brand?post=2439"},{"taxonomy":"product_cat","embeddable":true,"href":"https:\/\/spherical-powder.com\/fr\/wp-json\/wp\/v2\/product_cat?post=2439"},{"taxonomy":"product_tag","embeddable":true,"href":"https:\/\/spherical-powder.com\/fr\/wp-json\/wp\/v2\/product_tag?post=2439"}],"curies":[{"name":"wp","href":"https:\/\/api.w.org\/{rel}","templated":true}]}}